{"id":2499,"date":"2024-06-09T15:33:54","date_gmt":"2024-06-09T15:33:54","guid":{"rendered":"https:\/\/brunetassocies.com\/sylvie-beaulieu\/"},"modified":"2025-06-25T20:30:21","modified_gmt":"2025-06-25T20:30:21","slug":"sylvie-beaulieu","status":"publish","type":"page","link":"https:\/\/brunetassocies.com\/en\/sylvie-beaulieu\/","title":{"rendered":"Sylvie Beaulieu"},"content":{"rendered":"<p>[et_pb_section fb_built=&#8221;1&#8243; _builder_version=&#8221;4.24.2&#8243; _module_preset=&#8221;default&#8221; custom_margin=&#8221;||||false|false&#8221; custom_padding=&#8221;0px||||false|false&#8221; global_colors_info=&#8221;{}&#8221;][et_pb_row column_structure=&#8221;1_2,1_2&#8243; use_custom_gutter=&#8221;on&#8221; gutter_width=&#8221;1&#8243; make_equal=&#8221;on&#8221; custom_padding_last_edited=&#8221;on|tablet&#8221; _builder_version=&#8221;4.25.2&#8243; _module_preset=&#8221;default&#8221; width=&#8221;100%&#8221; width_tablet=&#8221;100%&#8221; width_phone=&#8221;100%&#8221; width_last_edited=&#8221;on|phone&#8221; max_width=&#8221;100%&#8221; custom_margin=&#8221;||||true&#8221; custom_padding=&#8221;100px|100px|100px|100px|true|true&#8221; custom_padding_tablet=&#8221;80px|80px|80px|80px|true|true&#8221; custom_padding_phone=&#8221;80px|10px|80px|10px|true|true&#8221; global_colors_info=&#8221;{}&#8221;][et_pb_column type=&#8221;1_2&#8243; _builder_version=&#8221;4.25.1&#8243; _module_preset=&#8221;default&#8221; background_color=&#8221;#B3192F&#8221; pac_dcm_carousel_specific_module_num=&#8221;0&#8243; global_colors_info=&#8221;{}&#8221;][et_pb_image src=&#8221;https:\/\/brunetassocies.com\/wp-content\/uploads\/2024\/06\/Sylvie-Beaulieu.webp&#8221; title_text=&#8221;Sylvie-Beaulieu&#8221; src_tablet=&#8221;https:\/\/brunetassocies.com\/wp-content\/uploads\/2024\/06\/Sylvie-Beaulieu.webp&#8221; src_phone=&#8221;https:\/\/brunetassocies.com\/wp-content\/uploads\/2024\/06\/Sylvie-Beaulieu.webp&#8221; src_last_edited=&#8221;on|tablet&#8221; _builder_version=&#8221;4.25.2&#8243; _module_preset=&#8221;default&#8221; custom_padding=&#8221;||||false|false&#8221; border_color_bottom=&#8221;#B3192F&#8221; border_width_bottom_tablet=&#8221;0px&#8221; border_width_bottom_phone=&#8221;0px&#8221; border_width_bottom_last_edited=&#8221;on|phone&#8221; box_shadow_style=&#8221;preset1&#8243; box_shadow_horizontal=&#8221;-4px&#8221; box_shadow_vertical=&#8221;-9px&#8221; global_colors_info=&#8221;{}&#8221;][\/et_pb_image][\/et_pb_column][et_pb_column type=&#8221;1_2&#8243; _builder_version=&#8221;4.25.2&#8243; _module_preset=&#8221;default&#8221; background_color=&#8221;#FFFFFF&#8221; pac_dcm_carousel_specific_module_num=&#8221;0&#8243; global_colors_info=&#8221;{}&#8221;][et_pb_team_member name=&#8221;Sylvie Beaulieu&#8221; position=&#8221;Administrator&#8221; _builder_version=&#8221;4.25.2&#8243; _module_preset=&#8221;default&#8221; header_font=&#8221;Prata|700|||||||&#8221; header_text_align=&#8221;center&#8221; header_text_color=&#8221;#FFFFFF&#8221; header_font_size=&#8221;2.3vw&#8221; header_letter_spacing=&#8221;2px&#8221; position_text_align=&#8221;center&#8221; position_text_color=&#8221;#FFFFFF&#8221; position_font_size=&#8221;18px&#8221; background_color=&#8221;#B3192F&#8221; custom_margin=&#8221;||||false|false&#8221; custom_margin_tablet=&#8221;|||0px|false|false&#8221; custom_margin_phone=&#8221;|||0vw|false|false&#8221; custom_margin_last_edited=&#8221;on|tablet&#8221; custom_padding=&#8221;30px||30px||true|false&#8221; custom_padding_tablet=&#8221;30px||30px||true|false&#8221; custom_padding_phone=&#8221;20px||30px||false|false&#8221; custom_padding_last_edited=&#8221;on|phone&#8221; header_font_size_tablet=&#8221;3.4vw&#8221; header_font_size_phone=&#8221;24px&#8221; header_font_size_last_edited=&#8221;on|desktop&#8221; border_radii=&#8221;off||||&#8221; border_color_top=&#8221;#3A3B3D&#8221; border_color_left=&#8221;#a9aaa2&#8243; border_width_top_tablet=&#8221;&#8221; border_width_top_phone=&#8221;4px&#8221; border_width_top_last_edited=&#8221;on|phone&#8221; border_width_left_tablet=&#8221;1vw&#8221; border_width_left_phone=&#8221;0vw&#8221; border_width_left_last_edited=&#8221;on|phone&#8221; box_shadow_style=&#8221;preset1&#8243; box_shadow_blur=&#8221;80px&#8221; box_shadow_color=&#8221;rgba(0,0,0,0.41)&#8221; global_colors_info=&#8221;{}&#8221;][\/et_pb_team_member][et_pb_accordion open_toggle_text_color=&#8221;#000000&#8243; _builder_version=&#8221;4.27.4&#8243; _module_preset=&#8221;default&#8221; toggle_text_color=&#8221;#000000&#8243; toggle_font=&#8221;Prata||||||||&#8221; body_font_size=&#8221;16px&#8221; custom_padding=&#8221;||20px||false|false&#8221; hover_enabled=&#8221;0&#8243; global_colors_info=&#8221;{}&#8221; sticky_enabled=&#8221;0&#8243;][et_pb_accordion_item title=&#8221;Biography&#8221; open=&#8221;on&#8221; open_toggle_text_color=&#8221;#FFFFFF&#8221; closed_toggle_text_color=&#8221;#000000&#8243; _builder_version=&#8221;4.25.1&#8243; _module_preset=&#8221;default&#8221; global_colors_info=&#8221;{}&#8221;]<\/p>\n<p>After having worked for a large firm and then in private practice, Sylvie Beaulieu joined the Brunet Associ\u00e9s team at its debut in 2014. Since then, she has been responsible for managing the firm&#8217;s human, administrative, financial and accounting resources.<\/p>\n<p>Gr\u00e2ce \u00e0 sa personnalit\u00e9 chaleureuse, elle sait \u00e9tablir rapidement un lien de confiance entre la client\u00e8le et tous les membres de l\u2019\u00e9quipe, tout en assurant une gestion rigoureuse de toutes les ressources du cabinet.<\/p>\n<p>In her spare time, our so-called \u201coffice guardian angel\u201d loves girls\u2019 dinners and spending time with her granddaughter whenever she can. Also, for those of you who travel a lot, you may come across her somewhere on one of her many road trips! <\/p>\n<p>[\/et_pb_accordion_item][et_pb_accordion_item title=&#8221;Contact&#8221; _builder_version=&#8221;4.27.4&#8243; _module_preset=&#8221;default&#8221; body_link_text_color=&#8221;#B3192F&#8221; hover_enabled=&#8221;0&#8243; global_colors_info=&#8221;{}&#8221; open=&#8221;off&#8221; sticky_enabled=&#8221;0&#8243;]<\/p>\n<p><span>(514) 326-4553, ext. 118<\/span><br \/><span>(514) 326-4554<br \/><\/span><a href=\"mailto:vcyr@brunetassocies.com\">sbeaulieu@brunetassocies.com<\/a><\/p>\n<p>&nbsp;<\/p>\n<p>[\/et_pb_accordion_item][\/et_pb_accordion][\/et_pb_column][\/et_pb_row][et_pb_row admin_label=&#8221;Title&#8221; _builder_version=&#8221;4.25.1&#8243; locked=&#8221;off&#8221; global_colors_info=&#8221;{}&#8221;][et_pb_column type=&#8221;4_4&#8243; _builder_version=&#8221;4.25.1&#8243; z_index=&#8221;467&#8243; custom_padding=&#8221;|||&#8221; pac_dcm_carousel_specific_module_num=&#8221;0&#8243; global_colors_info=&#8221;{}&#8221; custom_padding__hover=&#8221;|||&#8221;][et_pb_text disabled_on=&#8221;on|on|on&#8221; admin_label=&#8221;Bouton rendez-vous&#8221; _builder_version=&#8221;4.27.4&#8243; _module_preset=&#8221;default&#8221; text_font=&#8221;|||on|||||&#8221; text_text_color=&#8221;#FFFFFF&#8221; text_letter_spacing=&#8221;4px&#8221; text_line_height=&#8221;1.3em&#8221; background_color=&#8221;#b3192f&#8221; transform_rotate=&#8221;0deg|0deg|270deg&#8221; positioning=&#8221;fixed&#8221; position_origin_f=&#8221;top_right&#8221; horizontal_offset=&#8221;-76px&#8221; z_index=&#8221;200&#8243; horizontal_offset_tablet=&#8221;-76px&#8221; horizontal_offset_phone=&#8221;-80px&#8221; horizontal_offset_last_edited=&#8221;on|desktop&#8221; text_orientation=&#8221;center&#8221; custom_margin=&#8221;280px|60px|||false|false&#8221; custom_margin_tablet=&#8221;220px|60px|||false|false&#8221; custom_margin_phone=&#8221;280px|45px|||false|false&#8221; custom_margin_last_edited=&#8221;on|phone&#8221; custom_padding=&#8221;10px|10px|10px|10px|true|false&#8221; text_font_size_tablet=&#8221;&#8221; text_font_size_phone=&#8221;12px&#8221; text_font_size_last_edited=&#8221;on|phone&#8221; z_index_tablet=&#8221;200&#8243; z_index_phone=&#8221;200&#8243; z_index_last_edited=&#8221;on|phone&#8221; box_shadow_style=&#8221;preset1&#8243; box_shadow_color=&#8221;#000000&#8243; disabled=&#8221;on&#8221; locked=&#8221;off&#8221; global_colors_info=&#8221;{}&#8221;]<\/p>\n<p>BOOK<br \/>APPOINTMENT<\/p>\n<p>[\/et_pb_text][\/et_pb_column][\/et_pb_row][\/et_pb_section]<\/p>\n","protected":false},"excerpt":{"rendered":"<p>After having worked for a large firm and then in private practice, Sylvie Beaulieu joined the Brunet Associ\u00e9s team at its debut in 2014. Since then, she has been responsible for managing the firm&#8217;s human, administrative, financial and accounting resources. Gr\u00e2ce \u00e0 sa personnalit\u00e9 chaleureuse, elle sait \u00e9tablir rapidement un lien de confiance entre la [&hellip;]<\/p>\n","protected":false},"author":1,"featured_media":0,"parent":0,"menu_order":0,"comment_status":"closed","ping_status":"closed","template":"","meta":{"_et_pb_use_builder":"on","_et_pb_old_content":"","_et_gb_content_width":"","footnotes":""},"class_list":["post-2499","page","type-page","status-publish","hentry"],"yoast_head":"<!-- This site is optimized with the Yoast SEO plugin v26.9 - https:\/\/yoast.com\/product\/yoast-seo-wordpress\/ -->\n<title>Sylvie Beaulieu - Brunet et associes<\/title>\n<meta name=\"robots\" content=\"index, follow, max-snippet:-1, max-image-preview:large, max-video-preview:-1\" \/>\n<link rel=\"canonical\" href=\"https:\/\/brunetassocies.com\/sylvie-beaulieu\/\" \/>\n<meta property=\"og:locale\" content=\"en_US\" \/>\n<meta property=\"og:type\" content=\"article\" \/>\n<meta property=\"og:title\" content=\"Sylvie Beaulieu - Brunet et associes\" \/>\n<meta property=\"og:description\" content=\"After having worked for a large firm and then in private practice, Sylvie Beaulieu joined the Brunet Associ\u00e9s team at its debut in 2014. Since then, she has been responsible for managing the firm&#039;s human, administrative, financial and accounting resources. Gr\u00e2ce \u00e0 sa personnalit\u00e9 chaleureuse, elle sait \u00e9tablir rapidement un lien de confiance entre la [&hellip;]\" \/>\n<meta property=\"og:url\" content=\"https:\/\/brunetassocies.com\/sylvie-beaulieu\/\" \/>\n<meta property=\"og:site_name\" content=\"Brunet et associes\" \/>\n<meta property=\"article:modified_time\" content=\"2025-06-25T20:30:21+00:00\" \/>\n<meta name=\"twitter:card\" content=\"summary_large_image\" \/>\n<meta name=\"twitter:label1\" content=\"Est. reading time\" \/>\n\t<meta name=\"twitter:data1\" content=\"4 minutes\" \/>\n<script type=\"application\/ld+json\" class=\"yoast-schema-graph\">{\"@context\":\"https:\/\/schema.org\",\"@graph\":[{\"@type\":\"WebPage\",\"@id\":\"https:\/\/brunetassocies.com\/sylvie-beaulieu\/\",\"url\":\"https:\/\/brunetassocies.com\/sylvie-beaulieu\/\",\"name\":\"Sylvie Beaulieu - Brunet et associes\",\"isPartOf\":{\"@id\":\"https:\/\/brunetassocies.com\/en\/#website\"},\"datePublished\":\"2024-06-09T15:33:54+00:00\",\"dateModified\":\"2025-06-25T20:30:21+00:00\",\"breadcrumb\":{\"@id\":\"https:\/\/brunetassocies.com\/sylvie-beaulieu\/#breadcrumb\"},\"inLanguage\":\"en-US\",\"potentialAction\":[{\"@type\":\"ReadAction\",\"target\":[\"https:\/\/brunetassocies.com\/sylvie-beaulieu\/\"]}]},{\"@type\":\"BreadcrumbList\",\"@id\":\"https:\/\/brunetassocies.com\/sylvie-beaulieu\/#breadcrumb\",\"itemListElement\":[{\"@type\":\"ListItem\",\"position\":1,\"name\":\"Accueil\",\"item\":\"https:\/\/brunetassocies.com\/en\/\"},{\"@type\":\"ListItem\",\"position\":2,\"name\":\"Sylvie Beaulieu\"}]},{\"@type\":\"WebSite\",\"@id\":\"https:\/\/brunetassocies.com\/en\/#website\",\"url\":\"https:\/\/brunetassocies.com\/en\/\",\"name\":\"Brunet et associes\",\"description\":\"\",\"potentialAction\":[{\"@type\":\"SearchAction\",\"target\":{\"@type\":\"EntryPoint\",\"urlTemplate\":\"https:\/\/brunetassocies.com\/en\/?s={search_term_string}\"},\"query-input\":{\"@type\":\"PropertyValueSpecification\",\"valueRequired\":true,\"valueName\":\"search_term_string\"}}],\"inLanguage\":\"en-US\"}]}<\/script>\n<!-- \/ Yoast SEO plugin. -->","yoast_head_json":{"title":"Sylvie Beaulieu - Brunet et associes","robots":{"index":"index","follow":"follow","max-snippet":"max-snippet:-1","max-image-preview":"max-image-preview:large","max-video-preview":"max-video-preview:-1"},"canonical":"https:\/\/brunetassocies.com\/sylvie-beaulieu\/","og_locale":"en_US","og_type":"article","og_title":"Sylvie Beaulieu - Brunet et associes","og_description":"After having worked for a large firm and then in private practice, Sylvie Beaulieu joined the Brunet Associ\u00e9s team at its debut in 2014. Since then, she has been responsible for managing the firm's human, administrative, financial and accounting resources. Gr\u00e2ce \u00e0 sa personnalit\u00e9 chaleureuse, elle sait \u00e9tablir rapidement un lien de confiance entre la [&hellip;]","og_url":"https:\/\/brunetassocies.com\/sylvie-beaulieu\/","og_site_name":"Brunet et associes","article_modified_time":"2025-06-25T20:30:21+00:00","twitter_card":"summary_large_image","twitter_misc":{"Est. reading time":"4 minutes"},"schema":{"@context":"https:\/\/schema.org","@graph":[{"@type":"WebPage","@id":"https:\/\/brunetassocies.com\/sylvie-beaulieu\/","url":"https:\/\/brunetassocies.com\/sylvie-beaulieu\/","name":"Sylvie Beaulieu - Brunet et associes","isPartOf":{"@id":"https:\/\/brunetassocies.com\/en\/#website"},"datePublished":"2024-06-09T15:33:54+00:00","dateModified":"2025-06-25T20:30:21+00:00","breadcrumb":{"@id":"https:\/\/brunetassocies.com\/sylvie-beaulieu\/#breadcrumb"},"inLanguage":"en-US","potentialAction":[{"@type":"ReadAction","target":["https:\/\/brunetassocies.com\/sylvie-beaulieu\/"]}]},{"@type":"BreadcrumbList","@id":"https:\/\/brunetassocies.com\/sylvie-beaulieu\/#breadcrumb","itemListElement":[{"@type":"ListItem","position":1,"name":"Accueil","item":"https:\/\/brunetassocies.com\/en\/"},{"@type":"ListItem","position":2,"name":"Sylvie Beaulieu"}]},{"@type":"WebSite","@id":"https:\/\/brunetassocies.com\/en\/#website","url":"https:\/\/brunetassocies.com\/en\/","name":"Brunet et associes","description":"","potentialAction":[{"@type":"SearchAction","target":{"@type":"EntryPoint","urlTemplate":"https:\/\/brunetassocies.com\/en\/?s={search_term_string}"},"query-input":{"@type":"PropertyValueSpecification","valueRequired":true,"valueName":"search_term_string"}}],"inLanguage":"en-US"}]}},"_links":{"self":[{"href":"https:\/\/brunetassocies.com\/en\/wp-json\/wp\/v2\/pages\/2499","targetHints":{"allow":["GET"]}}],"collection":[{"href":"https:\/\/brunetassocies.com\/en\/wp-json\/wp\/v2\/pages"}],"about":[{"href":"https:\/\/brunetassocies.com\/en\/wp-json\/wp\/v2\/types\/page"}],"author":[{"embeddable":true,"href":"https:\/\/brunetassocies.com\/en\/wp-json\/wp\/v2\/users\/1"}],"replies":[{"embeddable":true,"href":"https:\/\/brunetassocies.com\/en\/wp-json\/wp\/v2\/comments?post=2499"}],"version-history":[{"count":6,"href":"https:\/\/brunetassocies.com\/en\/wp-json\/wp\/v2\/pages\/2499\/revisions"}],"predecessor-version":[{"id":71282,"href":"https:\/\/brunetassocies.com\/en\/wp-json\/wp\/v2\/pages\/2499\/revisions\/71282"}],"wp:attachment":[{"href":"https:\/\/brunetassocies.com\/en\/wp-json\/wp\/v2\/media?parent=2499"}],"curies":[{"name":"wp","href":"https:\/\/api.w.org\/{rel}","templated":true}]}}