{"id":2461,"date":"2024-06-11T18:50:32","date_gmt":"2024-06-11T18:50:32","guid":{"rendered":"https:\/\/brunetassocies.com\/me-laperriere\/"},"modified":"2025-08-01T19:35:12","modified_gmt":"2025-08-01T19:35:12","slug":"me-laperriere","status":"publish","type":"page","link":"https:\/\/brunetassocies.com\/en\/me-laperriere\/","title":{"rendered":"Me Laperri\u00e8re"},"content":{"rendered":"<p>[et_pb_section fb_built=&#8221;1&#8243; _builder_version=&#8221;4.24.2&#8243; _module_preset=&#8221;default&#8221; custom_margin=&#8221;||||false|false&#8221; custom_padding=&#8221;0px||||false|false&#8221; global_colors_info=&#8221;{}&#8221;][et_pb_row column_structure=&#8221;1_2,1_2&#8243; use_custom_gutter=&#8221;on&#8221; gutter_width=&#8221;1&#8243; make_equal=&#8221;on&#8221; custom_padding_last_edited=&#8221;on|tablet&#8221; _builder_version=&#8221;4.25.0&#8243; _module_preset=&#8221;default&#8221; width=&#8221;100%&#8221; width_tablet=&#8221;100%&#8221; width_phone=&#8221;100%&#8221; width_last_edited=&#8221;on|phone&#8221; max_width=&#8221;100%&#8221; custom_margin=&#8221;||||true&#8221; custom_padding=&#8221;100px|100px|100px|100px|true|true&#8221; custom_padding_tablet=&#8221;80px|80px|80px|80px|true|true&#8221; custom_padding_phone=&#8221;80px|10px|80px|10px|true|true&#8221; global_colors_info=&#8221;{}&#8221;][et_pb_column type=&#8221;1_2&#8243; _builder_version=&#8221;4.24.2&#8243; _module_preset=&#8221;default&#8221; pac_dcm_carousel_specific_module_num=&#8221;0&#8243; global_colors_info=&#8221;{}&#8221;][et_pb_image src=&#8221;https:\/\/brunetassocies.com\/wp-content\/uploads\/2024\/05\/Chantal-Laperriere.webp&#8221; title_text=&#8221;Chantal-Laperriere&#8221; src_tablet=&#8221;https:\/\/brunetassocies.com\/wp-content\/uploads\/2024\/05\/Chantal-Laperriere.webp&#8221; src_phone=&#8221;https:\/\/brunetassocies.com\/wp-content\/uploads\/2024\/05\/Chantal-Laperriere.webp&#8221; src_last_edited=&#8221;on|phone&#8221; _builder_version=&#8221;4.25.2&#8243; _module_preset=&#8221;default&#8221; custom_padding=&#8221;||||false|false&#8221; border_width_bottom=&#8221;30px&#8221; border_color_bottom=&#8221;#B3192F&#8221; border_width_bottom_tablet=&#8221;0px&#8221; border_width_bottom_phone=&#8221;0px&#8221; border_width_bottom_last_edited=&#8221;on|desktop&#8221; box_shadow_style=&#8221;preset1&#8243; box_shadow_horizontal=&#8221;-4px&#8221; box_shadow_vertical=&#8221;-9px&#8221; global_colors_info=&#8221;{}&#8221;][\/et_pb_image][\/et_pb_column][et_pb_column type=&#8221;1_2&#8243; _builder_version=&#8221;4.25.0&#8243; _module_preset=&#8221;default&#8221; background_color=&#8221;#FFFFFF&#8221; pac_dcm_carousel_specific_module_num=&#8221;0&#8243; global_colors_info=&#8221;{}&#8221;][et_pb_team_member name=&#8221;Chantal Laperri\u00e8re&#8221; position=&#8221;Lawyer &#8221; _builder_version=&#8221;4.25.2&#8243; _module_preset=&#8221;default&#8221; header_font=&#8221;Prata|700|||||||&#8221; header_text_align=&#8221;center&#8221; header_text_color=&#8221;#FFFFFF&#8221; header_font_size=&#8221;2.3vw&#8221; header_letter_spacing=&#8221;2px&#8221; position_text_align=&#8221;center&#8221; position_text_color=&#8221;#FFFFFF&#8221; position_font_size=&#8221;18px&#8221; background_color=&#8221;#B3192F&#8221; custom_margin=&#8221;||||false|false&#8221; custom_margin_tablet=&#8221;|||0px|false|false&#8221; custom_margin_phone=&#8221;|||0vw|false|false&#8221; custom_margin_last_edited=&#8221;on|tablet&#8221; custom_padding=&#8221;30px||30px||true|false&#8221; custom_padding_tablet=&#8221;30px||30px||true|false&#8221; custom_padding_phone=&#8221;20px||30px||false|false&#8221; custom_padding_last_edited=&#8221;on|phone&#8221; header_font_size_tablet=&#8221;3.4vw&#8221; header_font_size_phone=&#8221;24px&#8221; header_font_size_last_edited=&#8221;on|desktop&#8221; border_radii=&#8221;off||||&#8221; border_color_top=&#8221;#3A3B3D&#8221; border_color_left=&#8221;#A9AAA2&#8243; border_width_top_tablet=&#8221;&#8221; border_width_top_phone=&#8221;4px&#8221; border_width_top_last_edited=&#8221;on|phone&#8221; border_width_left_tablet=&#8221;1vw&#8221; border_width_left_phone=&#8221;0vw&#8221; border_width_left_last_edited=&#8221;on|phone&#8221; box_shadow_style=&#8221;preset1&#8243; box_shadow_blur=&#8221;80px&#8221; box_shadow_color=&#8221;rgba(0,0,0,0.41)&#8221; global_colors_info=&#8221;{}&#8221;][\/et_pb_team_member][et_pb_accordion open_toggle_text_color=&#8221;#000000&#8243; _builder_version=&#8221;4.27.4&#8243; _module_preset=&#8221;default&#8221; toggle_text_color=&#8221;#000000&#8243; toggle_font=&#8221;Prata||||||||&#8221; body_font_size=&#8221;16px&#8221; custom_padding=&#8221;||20px||false|false&#8221; global_colors_info=&#8221;{}&#8221;][et_pb_accordion_item title=&#8221;Biography&#8221; open=&#8221;on&#8221; open_toggle_text_color=&#8221;#FFFFFF&#8221; closed_toggle_text_color=&#8221;#000000&#8243; _builder_version=&#8221;4.25.1&#8243; _module_preset=&#8221;default&#8221; global_colors_info=&#8221;{}&#8221;]<\/p>\n<p>A lawyer, Chantal Laperri\u00e8re holds a bachelor\u2019s degree in legal sciences from the Universit\u00e9 du Qu\u00e9bec \u00e0 Montr\u00e9al (UQAM), obtained in 1993, and has been a registered member of the Barreau du Qu\u00e9bec since 1994. She joined the firm in 2019 after having practiced for more than 25 years in family law, civil law, housing law and administrative law. <\/p>\n<p>Devoted to protecting the interests of all her clients, she represents them with heart and determination before all judicial bodies, including the Superior Court of Quebec, the Court of Appeal of Quebec and the R\u00e9gie du logement, ensuring that the means used are proportionate to the results sought.<\/p>\n<p>Through the last 25+ years, Me Laperri\u00e8re has developed considerable expertise in the areas of spousal support, division of patrimonial assets and commercial leases. Also very involved in her community, she successfully defended the interests of students, teachers and parents of a school following the discovery of major contamination in their building and its reconstruction. <\/p>\n<p>Chantal has a great sense of humour (albeit not according to her children). She also loves to cook and really enjoys good food, including her daughter\u2019s beautiful creations, which often end up in the office fridge. She is also always up for a good meal with friends or colleagues. What else? Well, in her own parallel universe, she is also married to Pierce Brosnan and, although she didn\u2019t become a well-known singer, she practices law without any regrets.   <\/p>\n<p>[\/et_pb_accordion_item][et_pb_accordion_item title=&#8221;Milestones&#8221; open_toggle_text_color=&#8221;#000000&#8243; _builder_version=&#8221;4.25.1&#8243; _module_preset=&#8221;default&#8221; global_colors_info=&#8221;{}&#8221; toggle_text_color=&#8221;#000000&#8243; toggle_font=&#8221;Prata||||||||&#8221; open=&#8221;off&#8221;]<\/p>\n<ul>\n<li>1990 \u2013 Minor in History at Universit\u00e9 de Montr\u00e9al<\/li>\n<li>1993 \u2013 Bachelor\u2019s degree in legal sciences from UQAM<\/li>\n<li>1994 \u2013 Admission to the Barreau du Qu\u00e9bec<\/li>\n<\/ul>\n<p>[\/et_pb_accordion_item][et_pb_accordion_item title=&#8221;Involvement&#8221; open_toggle_text_color=&#8221;#000000&#8243; _builder_version=&#8221;4.25.1&#8243; _module_preset=&#8221;default&#8221; global_colors_info=&#8221;{}&#8221; toggle_text_color=&#8221;#000000&#8243; toggle_font=&#8221;Prata||||||||&#8221; open=&#8221;off&#8221;]<\/p>\n<p>Conferences for young entrepreneurs \u2013 Commission scolaire des Mille-\u00celes (1997-2000)<\/p>\n<p>Teaching of the legal secretarial course \u2013 Commission scolaire des Mille-\u00celes (1996-1998)<\/p>\n<p>Board Member \u2013 Groupe d\u2019entraide Maisonneuve Ouest (2012-2015)<\/p>\n<p>Board Member \u2013 Conseil d\u2019\u00e9tablissement de l\u2019\u00e9cole Saint-G\u00e9rard de la CSDM (2006-2013)<\/p>\n<p>Spokesperson \u2013 Regroupement de parents de l\u2019\u00e9cole Saint-G\u00e9rard (2012-2013)<\/p>\n<p>Member \u2013 Organisation participation des parents de l\u2019\u00e9cole Saint-G\u00e9rard (2015-2016)<\/p>\n<p>Guest speaker &#8211; Centre de Formation de l&#8217;Alimentation et du Commerce du Qu\u00e9bec<\/p>\n<p>[\/et_pb_accordion_item][et_pb_accordion_item title=&#8221;Contact&#8221; _builder_version=&#8221;4.27.4&#8243; _module_preset=&#8221;default&#8221; body_link_text_color=&#8221;#B3192F&#8221; global_colors_info=&#8221;{}&#8221; open=&#8221;off&#8221;]<\/p>\n<p><span>(514) 326-4553, ext. 111<\/span><br \/><span>(514) 326-4554<br \/><\/span><a href=\"mailto:vcyr@brunetassocies.com\">claperriere@brunetassocies.com<\/a><\/p>\n<p>To send me files, please contact our paralegal Isabelle Beauchemin at <a href=\"n.sirois@brunetassocies.com\">i.beauchemin@brunetassocies.com.<\/a><\/p>\n<p>[\/et_pb_accordion_item][\/et_pb_accordion][\/et_pb_column][\/et_pb_row][et_pb_row admin_label=&#8221;Title&#8221; _builder_version=&#8221;4.25.1&#8243; locked=&#8221;off&#8221; global_colors_info=&#8221;{}&#8221;][et_pb_column type=&#8221;4_4&#8243; _builder_version=&#8221;4.25.1&#8243; z_index=&#8221;467&#8243; custom_padding=&#8221;|||&#8221; pac_dcm_carousel_specific_module_num=&#8221;0&#8243; global_colors_info=&#8221;{}&#8221; custom_padding__hover=&#8221;|||&#8221;][et_pb_text admin_label=&#8221;Title&#8221; _builder_version=&#8221;4.25.2&#8243; text_font=&#8221;||||||||&#8221; header_font=&#8221;||||||||&#8221; header_2_font=&#8221;Prata||||||||&#8221; header_2_text_align=&#8221;center&#8221; header_2_font_size=&#8221;3.5vw&#8221; header_2_line_height=&#8221;1.6em&#8221; module_alignment=&#8221;center&#8221; custom_margin=&#8221;||10px|&#8221; custom_padding=&#8221;|||&#8221; animation_style=&#8221;fade&#8221; header_2_font_size_tablet=&#8221;6vw&#8221; header_2_font_size_phone=&#8221;26px&#8221; header_2_font_size_last_edited=&#8221;on|phone&#8221; global_colors_info=&#8221;{}&#8221;]<\/p>\n<h2>Publications and interviews<\/h2>\n<p>[\/et_pb_text][et_pb_divider color=&#8221;#b3192f&#8221; divider_position=&#8221;center&#8221; divider_weight=&#8221;3px&#8221; _builder_version=&#8221;4.25.0&#8243; max_width=&#8221;70px&#8221; module_alignment=&#8221;center&#8221; animation_style=&#8221;slide&#8221; animation_direction=&#8221;top&#8221; animation_intensity_slide=&#8221;10%&#8221; animation_starting_opacity=&#8221;100%&#8221; locked=&#8221;off&#8221; global_colors_info=&#8221;{}&#8221;][\/et_pb_divider][et_pb_text disabled_on=&#8221;on|on|on&#8221; admin_label=&#8221;Bouton rendez-vous&#8221; _builder_version=&#8221;4.27.4&#8243; _module_preset=&#8221;default&#8221; text_font=&#8221;|||on|||||&#8221; text_text_color=&#8221;#FFFFFF&#8221; text_letter_spacing=&#8221;4px&#8221; text_line_height=&#8221;1.3em&#8221; background_color=&#8221;#b3192f&#8221; transform_rotate=&#8221;0deg|0deg|270deg&#8221; positioning=&#8221;fixed&#8221; position_origin_f=&#8221;top_right&#8221; horizontal_offset=&#8221;-76px&#8221; z_index=&#8221;200&#8243; horizontal_offset_tablet=&#8221;-76px&#8221; horizontal_offset_phone=&#8221;-80px&#8221; horizontal_offset_last_edited=&#8221;on|desktop&#8221; text_orientation=&#8221;center&#8221; custom_margin=&#8221;280px|60px|||false|false&#8221; custom_margin_tablet=&#8221;220px|60px|||false|false&#8221; custom_margin_phone=&#8221;280px|45px|||false|false&#8221; custom_margin_last_edited=&#8221;on|phone&#8221; custom_padding=&#8221;10px|10px|10px|10px|true|false&#8221; text_font_size_tablet=&#8221;&#8221; text_font_size_phone=&#8221;12px&#8221; text_font_size_last_edited=&#8221;on|phone&#8221; z_index_tablet=&#8221;200&#8243; z_index_phone=&#8221;200&#8243; z_index_last_edited=&#8221;on|phone&#8221; box_shadow_style=&#8221;preset1&#8243; box_shadow_color=&#8221;#000000&#8243; disabled=&#8221;on&#8221; locked=&#8221;off&#8221; global_colors_info=&#8221;{}&#8221;]<\/p>\n<p>BOOK<br \/>APPOINTMENT<\/p>\n<p>[\/et_pb_text][et_pb_text disabled_on=&#8221;off|off|off&#8221; admin_label=&#8221;Bouton rendez-vous&#8221; _builder_version=&#8221;4.27.4&#8243; _module_preset=&#8221;default&#8221; text_font=&#8221;|||on|||||&#8221; text_text_color=&#8221;#FFFFFF&#8221; text_letter_spacing=&#8221;4px&#8221; text_line_height=&#8221;1.3em&#8221; background_color=&#8221;#b3192f&#8221; transform_rotate=&#8221;0deg|0deg|270deg&#8221; positioning=&#8221;fixed&#8221; position_origin_f=&#8221;top_right&#8221; horizontal_offset=&#8221;-76px&#8221; z_index=&#8221;99999&#8243; horizontal_offset_tablet=&#8221;-76px&#8221; horizontal_offset_phone=&#8221;-80px&#8221; horizontal_offset_last_edited=&#8221;on|desktop&#8221; text_orientation=&#8221;center&#8221; custom_margin=&#8221;280px|60px|||false|false&#8221; custom_margin_tablet=&#8221;220px|60px|||false|false&#8221; custom_margin_phone=&#8221;280px|45px|||false|false&#8221; custom_margin_last_edited=&#8221;on|phone&#8221; custom_padding=&#8221;10px|10px|10px|10px|true|false&#8221; link_option_url=&#8221;https:\/\/brunetassocies.com\/en\/contact-us\/#contact&#8221; text_font_size_tablet=&#8221;&#8221; text_font_size_phone=&#8221;12px&#8221; text_font_size_last_edited=&#8221;on|phone&#8221; z_index_tablet=&#8221;200&#8243; z_index_phone=&#8221;200&#8243; z_index_last_edited=&#8221;on|phone&#8221; box_shadow_style=&#8221;preset1&#8243; box_shadow_color=&#8221;#000000&#8243; locked=&#8221;off&#8221; global_colors_info=&#8221;{}&#8221; global_module=&#8221;71437&#8243; theme_builder_area=&#8221;post_content&#8221;]<\/p>\n<p>BOOK<br \/>APPOINTMENT<\/p>\n<p>[\/et_pb_text][\/et_pb_column][\/et_pb_row][\/et_pb_section]<\/p>\n","protected":false},"excerpt":{"rendered":"<p>A lawyer, Chantal Laperri\u00e8re holds a bachelor\u2019s degree in legal sciences from the Universit\u00e9 du Qu\u00e9bec \u00e0 Montr\u00e9al (UQAM), obtained in 1993, and has been a registered member of the Barreau du Qu\u00e9bec since 1994. She joined the firm in 2019 after having practiced for more than 25 years in family law, civil law, housing [&hellip;]<\/p>\n","protected":false},"author":1,"featured_media":0,"parent":0,"menu_order":0,"comment_status":"closed","ping_status":"closed","template":"","meta":{"_et_pb_use_builder":"on","_et_pb_old_content":"","_et_gb_content_width":"","footnotes":""},"class_list":["post-2461","page","type-page","status-publish","hentry"],"yoast_head":"<!-- This site is optimized with the Yoast SEO plugin v26.9 - https:\/\/yoast.com\/product\/yoast-seo-wordpress\/ -->\n<title>Me Laperri\u00e8re - Brunet et associes<\/title>\n<meta name=\"robots\" content=\"index, follow, max-snippet:-1, max-image-preview:large, max-video-preview:-1\" \/>\n<link rel=\"canonical\" href=\"https:\/\/brunetassocies.com\/en\/me-laperriere\/\" \/>\n<meta property=\"og:locale\" content=\"en_US\" \/>\n<meta property=\"og:type\" content=\"article\" \/>\n<meta property=\"og:title\" content=\"Me Laperri\u00e8re - Brunet et associes\" \/>\n<meta property=\"og:description\" content=\"A lawyer, Chantal Laperri\u00e8re holds a bachelor\u2019s degree in legal sciences from the Universit\u00e9 du Qu\u00e9bec \u00e0 Montr\u00e9al (UQAM), obtained in 1993, and has been a registered member of the Barreau du Qu\u00e9bec since 1994. She joined the firm in 2019 after having practiced for more than 25 years in family law, civil law, housing [&hellip;]\" \/>\n<meta property=\"og:url\" content=\"https:\/\/brunetassocies.com\/en\/me-laperriere\/\" \/>\n<meta property=\"og:site_name\" content=\"Brunet et associes\" \/>\n<meta property=\"article:modified_time\" content=\"2025-08-01T19:35:12+00:00\" \/>\n<meta name=\"twitter:card\" content=\"summary_large_image\" \/>\n<meta name=\"twitter:label1\" content=\"Est. reading time\" \/>\n\t<meta name=\"twitter:data1\" content=\"7 minutes\" \/>\n<script type=\"application\/ld+json\" class=\"yoast-schema-graph\">{\"@context\":\"https:\/\/schema.org\",\"@graph\":[{\"@type\":\"WebPage\",\"@id\":\"https:\/\/brunetassocies.com\/en\/me-laperriere\/\",\"url\":\"https:\/\/brunetassocies.com\/en\/me-laperriere\/\",\"name\":\"Me Laperri\u00e8re - Brunet et associes\",\"isPartOf\":{\"@id\":\"https:\/\/brunetassocies.com\/en\/#website\"},\"datePublished\":\"2024-06-11T18:50:32+00:00\",\"dateModified\":\"2025-08-01T19:35:12+00:00\",\"breadcrumb\":{\"@id\":\"https:\/\/brunetassocies.com\/en\/me-laperriere\/#breadcrumb\"},\"inLanguage\":\"en-US\",\"potentialAction\":[{\"@type\":\"ReadAction\",\"target\":[\"https:\/\/brunetassocies.com\/en\/me-laperriere\/\"]}]},{\"@type\":\"BreadcrumbList\",\"@id\":\"https:\/\/brunetassocies.com\/en\/me-laperriere\/#breadcrumb\",\"itemListElement\":[{\"@type\":\"ListItem\",\"position\":1,\"name\":\"Accueil\",\"item\":\"https:\/\/brunetassocies.com\/en\/\"},{\"@type\":\"ListItem\",\"position\":2,\"name\":\"Me Laperri\u00e8re\"}]},{\"@type\":\"WebSite\",\"@id\":\"https:\/\/brunetassocies.com\/en\/#website\",\"url\":\"https:\/\/brunetassocies.com\/en\/\",\"name\":\"Brunet et associes\",\"description\":\"\",\"potentialAction\":[{\"@type\":\"SearchAction\",\"target\":{\"@type\":\"EntryPoint\",\"urlTemplate\":\"https:\/\/brunetassocies.com\/en\/?s={search_term_string}\"},\"query-input\":{\"@type\":\"PropertyValueSpecification\",\"valueRequired\":true,\"valueName\":\"search_term_string\"}}],\"inLanguage\":\"en-US\"}]}<\/script>\n<!-- \/ Yoast SEO plugin. -->","yoast_head_json":{"title":"Me Laperri\u00e8re - Brunet et associes","robots":{"index":"index","follow":"follow","max-snippet":"max-snippet:-1","max-image-preview":"max-image-preview:large","max-video-preview":"max-video-preview:-1"},"canonical":"https:\/\/brunetassocies.com\/en\/me-laperriere\/","og_locale":"en_US","og_type":"article","og_title":"Me Laperri\u00e8re - Brunet et associes","og_description":"A lawyer, Chantal Laperri\u00e8re holds a bachelor\u2019s degree in legal sciences from the Universit\u00e9 du Qu\u00e9bec \u00e0 Montr\u00e9al (UQAM), obtained in 1993, and has been a registered member of the Barreau du Qu\u00e9bec since 1994. She joined the firm in 2019 after having practiced for more than 25 years in family law, civil law, housing [&hellip;]","og_url":"https:\/\/brunetassocies.com\/en\/me-laperriere\/","og_site_name":"Brunet et associes","article_modified_time":"2025-08-01T19:35:12+00:00","twitter_card":"summary_large_image","twitter_misc":{"Est. reading time":"7 minutes"},"schema":{"@context":"https:\/\/schema.org","@graph":[{"@type":"WebPage","@id":"https:\/\/brunetassocies.com\/en\/me-laperriere\/","url":"https:\/\/brunetassocies.com\/en\/me-laperriere\/","name":"Me Laperri\u00e8re - Brunet et associes","isPartOf":{"@id":"https:\/\/brunetassocies.com\/en\/#website"},"datePublished":"2024-06-11T18:50:32+00:00","dateModified":"2025-08-01T19:35:12+00:00","breadcrumb":{"@id":"https:\/\/brunetassocies.com\/en\/me-laperriere\/#breadcrumb"},"inLanguage":"en-US","potentialAction":[{"@type":"ReadAction","target":["https:\/\/brunetassocies.com\/en\/me-laperriere\/"]}]},{"@type":"BreadcrumbList","@id":"https:\/\/brunetassocies.com\/en\/me-laperriere\/#breadcrumb","itemListElement":[{"@type":"ListItem","position":1,"name":"Accueil","item":"https:\/\/brunetassocies.com\/en\/"},{"@type":"ListItem","position":2,"name":"Me Laperri\u00e8re"}]},{"@type":"WebSite","@id":"https:\/\/brunetassocies.com\/en\/#website","url":"https:\/\/brunetassocies.com\/en\/","name":"Brunet et associes","description":"","potentialAction":[{"@type":"SearchAction","target":{"@type":"EntryPoint","urlTemplate":"https:\/\/brunetassocies.com\/en\/?s={search_term_string}"},"query-input":{"@type":"PropertyValueSpecification","valueRequired":true,"valueName":"search_term_string"}}],"inLanguage":"en-US"}]}},"_links":{"self":[{"href":"https:\/\/brunetassocies.com\/en\/wp-json\/wp\/v2\/pages\/2461","targetHints":{"allow":["GET"]}}],"collection":[{"href":"https:\/\/brunetassocies.com\/en\/wp-json\/wp\/v2\/pages"}],"about":[{"href":"https:\/\/brunetassocies.com\/en\/wp-json\/wp\/v2\/types\/page"}],"author":[{"embeddable":true,"href":"https:\/\/brunetassocies.com\/en\/wp-json\/wp\/v2\/users\/1"}],"replies":[{"embeddable":true,"href":"https:\/\/brunetassocies.com\/en\/wp-json\/wp\/v2\/comments?post=2461"}],"version-history":[{"count":6,"href":"https:\/\/brunetassocies.com\/en\/wp-json\/wp\/v2\/pages\/2461\/revisions"}],"predecessor-version":[{"id":71473,"href":"https:\/\/brunetassocies.com\/en\/wp-json\/wp\/v2\/pages\/2461\/revisions\/71473"}],"wp:attachment":[{"href":"https:\/\/brunetassocies.com\/en\/wp-json\/wp\/v2\/media?parent=2461"}],"curies":[{"name":"wp","href":"https:\/\/api.w.org\/{rel}","templated":true}]}}