{"id":2458,"date":"2024-06-11T16:07:41","date_gmt":"2024-06-11T16:07:41","guid":{"rendered":"https:\/\/brunetassocies.com\/me-brunet\/"},"modified":"2025-08-01T19:33:25","modified_gmt":"2025-08-01T19:33:25","slug":"me-brunet","status":"publish","type":"page","link":"https:\/\/brunetassocies.com\/en\/me-brunet\/","title":{"rendered":"Me Brunet"},"content":{"rendered":"<p>[et_pb_section fb_built=&#8221;1&#8243; _builder_version=&#8221;4.24.2&#8243; _module_preset=&#8221;default&#8221; custom_margin=&#8221;||||false|false&#8221; custom_padding=&#8221;0px||||false|false&#8221; global_colors_info=&#8221;{}&#8221;][et_pb_row column_structure=&#8221;1_2,1_2&#8243; use_custom_gutter=&#8221;on&#8221; gutter_width=&#8221;1&#8243; make_equal=&#8221;on&#8221; custom_padding_last_edited=&#8221;on|tablet&#8221; _builder_version=&#8221;4.25.2&#8243; _module_preset=&#8221;default&#8221; width=&#8221;100%&#8221; width_tablet=&#8221;100%&#8221; width_phone=&#8221;100%&#8221; width_last_edited=&#8221;on|phone&#8221; max_width=&#8221;100%&#8221; custom_margin=&#8221;||||true&#8221; custom_padding=&#8221;100px|100px|100px|100px|true|true&#8221; custom_padding_tablet=&#8221;80px|80px|80px|80px|true|true&#8221; custom_padding_phone=&#8221;80px|10px|80px|10px|true|true&#8221; global_colors_info=&#8221;{}&#8221;][et_pb_column type=&#8221;1_2&#8243; _builder_version=&#8221;4.24.2&#8243; _module_preset=&#8221;default&#8221; pac_dcm_carousel_specific_module_num=&#8221;0&#8243; global_colors_info=&#8221;{}&#8221;][et_pb_image src=&#8221;https:\/\/brunetassocies.com\/wp-content\/uploads\/2024\/05\/Marie-Laurence-Brunet.webp&#8221; title_text=&#8221;Marie-Laurence-Brunet&#8221; _builder_version=&#8221;4.25.0&#8243; _module_preset=&#8221;default&#8221; box_shadow_style=&#8221;preset1&#8243; box_shadow_blur=&#8221;160px&#8221; global_colors_info=&#8221;{}&#8221;][\/et_pb_image][\/et_pb_column][et_pb_column type=&#8221;1_2&#8243; _builder_version=&#8221;4.25.0&#8243; _module_preset=&#8221;default&#8221; background_color=&#8221;#FFFFFF&#8221; pac_dcm_carousel_specific_module_num=&#8221;0&#8243; global_colors_info=&#8221;{}&#8221;][et_pb_team_member name=&#8221;Marie-Laurence Brunet&#8221; position=&#8221;Lawyer and founder&#8221; _builder_version=&#8221;4.25.2&#8243; _module_preset=&#8221;default&#8221; header_font=&#8221;Prata|700|||||||&#8221; header_text_align=&#8221;center&#8221; header_text_color=&#8221;#FFFFFF&#8221; header_font_size=&#8221;2.3vw&#8221; header_letter_spacing=&#8221;2px&#8221; position_text_align=&#8221;center&#8221; position_text_color=&#8221;#FFFFFF&#8221; position_font_size=&#8221;18px&#8221; background_color=&#8221;#B3192F&#8221; custom_margin=&#8221;||||false|false&#8221; custom_margin_tablet=&#8221;||||false|false&#8221; custom_margin_phone=&#8221;|||0vw|false|false&#8221; custom_margin_last_edited=&#8221;on|tablet&#8221; custom_padding=&#8221;30px||30px||true|false&#8221; header_font_size_tablet=&#8221;3.4vw&#8221; header_font_size_phone=&#8221;24px&#8221; header_font_size_last_edited=&#8221;on|desktop&#8221; border_radii=&#8221;off||||&#8221; border_color_top=&#8221;#3A3B3D&#8221; border_width_left=&#8221;0vw&#8221; border_color_left=&#8221;#A9AAA2&#8243; border_width_top_tablet=&#8221;&#8221; border_width_top_phone=&#8221;4px&#8221; border_width_top_last_edited=&#8221;on|phone&#8221; border_width_left_tablet=&#8221;1vw&#8221; border_width_left_phone=&#8221;0vw&#8221; border_width_left_last_edited=&#8221;on|tablet&#8221; box_shadow_style=&#8221;preset1&#8243; box_shadow_blur=&#8221;80px&#8221; box_shadow_color=&#8221;rgba(0,0,0,0.41)&#8221; global_colors_info=&#8221;{}&#8221;][\/et_pb_team_member][et_pb_accordion open_toggle_text_color=&#8221;#000000&#8243; _builder_version=&#8221;4.27.4&#8243; _module_preset=&#8221;default&#8221; toggle_text_color=&#8221;#000000&#8243; toggle_font=&#8221;Prata||||||||&#8221; body_font_size=&#8221;16px&#8221; custom_padding=&#8221;||20px||false|false&#8221; global_colors_info=&#8221;{}&#8221;][et_pb_accordion_item title=&#8221;Biography&#8221; open=&#8221;on&#8221; open_toggle_text_color=&#8221;#FFFFFF&#8221; closed_toggle_text_color=&#8221;#000000&#8243; _builder_version=&#8221;4.25.1&#8243; _module_preset=&#8221;default&#8221; global_colors_info=&#8221;{}&#8221;]<\/p>\n<p>Fascinated by family law, Marie-Laurence Brunet holds a Bachelor of Laws (2011) and a J.D. in Common Law (2014) from the Universit\u00e9 de Montr\u00e9al. That same year, she founded the firm Brunet  Associ\u00e9s whose business mission focuses on access to justice. She also places alternative dispute resolution methods at the heart of her practice, considering them as the first solution before the initiation of any court litigation.  <\/p>\n<p>Me Brunet has developed a strong expertise in dealing with filiation issues, as well as with the effects of confidentiality in family matters and religious marriages. She represents the interests of her clients in cases of separation before the Court of Quebec, the Superior Court of Quebec and the Court of Appeal of Quebec, and she also regularly participates in settlement conferences. <\/p>\n<p>Between two court appearances or two negotiation sessions, this dynamic and efficient professional also finds time to get involved with many organizations that share her values, such as the Bar of Montreal\u2019s Advisory Committee on Participatory Justice.<\/p>\n<p>And when she feels the need to take a little break, Marie-Laurence enjoys spending time with Sumo, the firm\u2019s faithful little mascot!<\/p>\n<p>[\/et_pb_accordion_item][et_pb_accordion_item title=&#8221;Milestones&#8221; open_toggle_text_color=&#8221;#000000&#8243; _builder_version=&#8221;4.25.0&#8243; _module_preset=&#8221;default&#8221; global_colors_info=&#8221;{}&#8221; toggle_text_color=&#8221;#000000&#8243; toggle_font=&#8221;Prata||||||||&#8221; open=&#8221;off&#8221;]<\/p>\n<ul>\n<li>2011 \u2013 Bachelor of Laws from Universit\u00e9 de Montr\u00e9al<\/li>\n<li>2013 \u2013 Admission to the Barreau du Qu\u00e9bec<\/li>\n<li>2014 \u2013 Juris Doctor in North American Common Law from Universit\u00e9 de Montr\u00e9al<\/li>\n<li>2014 \u2013 Founding of Brunet  Associ\u00e9s<\/li>\n<li>2016 \u2013 Lawyer of the Year Award, Family Law category (Gala des Jeunes Leaders de Demain)<\/li>\n<li>2017 \u2013 Finalist at the JCCM\u2019s Arista Competition, in the Young Quebec Professional category<\/li>\n<\/ul>\n<p>[\/et_pb_accordion_item][et_pb_accordion_item title=&#8221;Involvement&#8221; open_toggle_text_color=&#8221;#000000&#8243; _builder_version=&#8221;4.25.0&#8243; _module_preset=&#8221;default&#8221; global_colors_info=&#8221;{}&#8221; toggle_text_color=&#8221;#000000&#8243; toggle_font=&#8221;Prata||||||||&#8221; open=&#8221;off&#8221;]<\/p>\n<p>Barreau de Montr\u00e9al \u2013 Advisory Committee on Participatory Justice<\/p>\n<p>Modernization of Family Law \u2013 Citizens Commission on Family Law<\/p>\n<p>Guest Speaker \u2013 Universit\u00e9 du troisi\u00e8me \u00e2ge, Regroupement pour la valorisation de la paternit\u00e9, Centre de Formation de l\u2019Alimentation et du Commerce du Qu\u00e9bec, Table ronde sur la justice participative<\/p>\n<p>[\/et_pb_accordion_item][et_pb_accordion_item title=&#8221;Contact information&#8221; _builder_version=&#8221;4.27.4&#8243; _module_preset=&#8221;default&#8221; body_link_text_color=&#8221;#B3192F&#8221; global_colors_info=&#8221;{}&#8221; open=&#8221;off&#8221;]<\/p>\n<p><span>(514) 326-4553, ext. 110<br \/><\/span>(514) 326-4554<br \/><a href=\"mailto:mlbrunet@brunetassocies.com\">mlbrunet@brunetassocies.com<\/a><\/p>\n<p>To send me files, please contact our legal technician Laura Sanchez at <a href=\"mailto:lsanchez@brunetassocies.com\" title=\"mailto:lsanchez@brunetassocies.com\" data-linkindex=\"1\" data-olk-copy-source=\"MessageBody\">lsanchez@brunetassocies.com<\/a><\/p>\n<p>[\/et_pb_accordion_item][\/et_pb_accordion][\/et_pb_column][\/et_pb_row][et_pb_row admin_label=&#8221;Title&#8221; _builder_version=&#8221;4.25.2&#8243; width=&#8221;100%&#8221; max_width=&#8221;100%&#8221; locked=&#8221;off&#8221; global_colors_info=&#8221;{}&#8221;][et_pb_column type=&#8221;4_4&#8243; _builder_version=&#8221;4.25.1&#8243; z_index=&#8221;467&#8243; custom_padding=&#8221;|||&#8221; pac_dcm_carousel_specific_module_num=&#8221;0&#8243; global_colors_info=&#8221;{}&#8221; custom_padding__hover=&#8221;|||&#8221;][et_pb_text admin_label=&#8221;Title&#8221; _builder_version=&#8221;4.25.2&#8243; text_font=&#8221;||||||||&#8221; header_font=&#8221;||||||||&#8221; header_font_size=&#8221;26px&#8221; header_2_font=&#8221;Prata||||||||&#8221; header_2_text_align=&#8221;center&#8221; header_2_font_size=&#8221;50px&#8221; header_2_line_height=&#8221;1.6em&#8221; module_alignment=&#8221;center&#8221; custom_margin=&#8221;||10px|&#8221; custom_padding=&#8221;|||&#8221; animation_style=&#8221;fade&#8221; header_2_font_size_tablet=&#8221;6vw&#8221; header_2_font_size_phone=&#8221;26px&#8221; header_2_font_size_last_edited=&#8221;on|desktop&#8221; global_colors_info=&#8221;{}&#8221;]<\/p>\n<h2>Publications and interviews<\/h2>\n<p>[\/et_pb_text][et_pb_divider color=&#8221;#b3192f&#8221; divider_position=&#8221;center&#8221; divider_weight=&#8221;3px&#8221; _builder_version=&#8221;4.25.0&#8243; max_width=&#8221;70px&#8221; module_alignment=&#8221;center&#8221; animation_style=&#8221;slide&#8221; animation_direction=&#8221;top&#8221; animation_intensity_slide=&#8221;10%&#8221; animation_starting_opacity=&#8221;100%&#8221; locked=&#8221;off&#8221; global_colors_info=&#8221;{}&#8221;][\/et_pb_divider][et_pb_text disabled_on=&#8221;off|off|off&#8221; admin_label=&#8221;Bouton rendez-vous&#8221; _builder_version=&#8221;4.27.4&#8243; _module_preset=&#8221;default&#8221; text_font=&#8221;|||on|||||&#8221; text_text_color=&#8221;#FFFFFF&#8221; text_letter_spacing=&#8221;4px&#8221; text_line_height=&#8221;1.3em&#8221; background_color=&#8221;#b3192f&#8221; transform_rotate=&#8221;0deg|0deg|270deg&#8221; positioning=&#8221;fixed&#8221; position_origin_f=&#8221;top_right&#8221; horizontal_offset=&#8221;-76px&#8221; z_index=&#8221;99999&#8243; horizontal_offset_tablet=&#8221;-76px&#8221; horizontal_offset_phone=&#8221;-80px&#8221; horizontal_offset_last_edited=&#8221;on|desktop&#8221; text_orientation=&#8221;center&#8221; custom_margin=&#8221;280px|60px|||false|false&#8221; custom_margin_tablet=&#8221;220px|60px|||false|false&#8221; custom_margin_phone=&#8221;280px|45px|||false|false&#8221; custom_margin_last_edited=&#8221;on|phone&#8221; custom_padding=&#8221;10px|10px|10px|10px|true|false&#8221; link_option_url=&#8221;https:\/\/brunetassocies.com\/en\/contact-us\/#contact&#8221; text_font_size_tablet=&#8221;&#8221; text_font_size_phone=&#8221;12px&#8221; text_font_size_last_edited=&#8221;on|phone&#8221; z_index_tablet=&#8221;200&#8243; z_index_phone=&#8221;200&#8243; z_index_last_edited=&#8221;on|phone&#8221; box_shadow_style=&#8221;preset1&#8243; box_shadow_color=&#8221;#000000&#8243; locked=&#8221;off&#8221; global_colors_info=&#8221;{}&#8221; global_module=&#8221;71437&#8243; theme_builder_area=&#8221;post_content&#8221;]<\/p>\n<p>BOOK<br \/>APPOINTMENT<\/p>\n<p>[\/et_pb_text][\/et_pb_column][\/et_pb_row][et_pb_row column_structure=&#8221;1_3,1_3,1_3&#8243; make_equal=&#8221;on&#8221; _builder_version=&#8221;4.25.2&#8243; _module_preset=&#8221;default&#8221; width=&#8221;87%&#8221; max_width=&#8221;100%&#8221; global_colors_info=&#8221;{}&#8221;][et_pb_column type=&#8221;1_3&#8243; _builder_version=&#8221;4.25.2&#8243; _module_preset=&#8221;default&#8221; pac_dcm_carousel_row_items=&#8221;2&#8243; pac_dcm_carousel_specific_module_num=&#8221;0&#8243; global_colors_info=&#8221;{}&#8221;][et_pb_blurb title=&#8221;Parental forfeiture&#8221; _builder_version=&#8221;4.25.2&#8243; _module_preset=&#8221;default&#8221; header_text_align=&#8221;center&#8221; header_text_color=&#8221;#FFFFFF&#8221; body_text_align=&#8221;center&#8221; body_text_color=&#8221;#FFFFFF&#8221; use_background_color_gradient=&#8221;on&#8221; background_color_gradient_stops=&#8221;rgba(58,59,61,0.35) 1%|rgba(58,59,61,0.67) 100%&#8221; background_color_gradient_overlays_image=&#8221;on&#8221; background_image=&#8221;https:\/\/brunetassocies.com\/wp-content\/uploads\/2024\/06\/ScreenShot_20240628122336.jpeg&#8221; custom_padding=&#8221;120px||120px||true|false&#8221; link_option_url=&#8221;https:\/\/savoir.media\/details\/385926&#8243; link_option_url_new_window=&#8221;on&#8221; global_colors_info=&#8221;{}&#8221;]<\/p>\n<p>On the show Au bout des droits<\/p>\n<p>Watch the episode<\/p>\n<p>[\/et_pb_blurb][\/et_pb_column][et_pb_column type=&#8221;1_3&#8243; _builder_version=&#8221;4.25.2&#8243; _module_preset=&#8221;default&#8221; pac_dcm_carousel_row_items=&#8221;2&#8243; pac_dcm_carousel_specific_module_num=&#8221;0&#8243; global_colors_info=&#8221;{}&#8221;][et_pb_blurb title=&#8221;National Working Committee on Fathers and Marital Separation June 2024&#8243; _builder_version=&#8221;4.25.2&#8243; _module_preset=&#8221;default&#8221; header_text_align=&#8221;center&#8221; header_text_color=&#8221;#FFFFFF&#8221; header_line_height=&#8221;1.3em&#8221; body_text_align=&#8221;center&#8221; body_text_color=&#8221;#FFFFFF&#8221; use_background_color_gradient=&#8221;on&#8221; background_color_gradient_stops=&#8221;rgba(58,59,61,0.37) 2%|rgba(58,59,61,0.82) 98%&#8221; background_color_gradient_overlays_image=&#8221;on&#8221; background_image=&#8221;https:\/\/brunetassocies.com\/wp-content\/uploads\/2024\/06\/ScreenShot_20240628135008.jpeg&#8221; custom_padding=&#8221;125px|20px|125px|20px|true|true&#8221; link_option_url=&#8221;https:\/\/brunetassocies.com\/wp-content\/uploads\/2024\/06\/SQP2024-12-Strategies_V.Finale-web-1.pdf&#8221; link_option_url_new_window=&#8221;on&#8221; global_colors_info=&#8221;{}&#8221;]<\/p>\n<p>Read the document<\/p>\n<p>[\/et_pb_blurb][\/et_pb_column][et_pb_column type=&#8221;1_3&#8243; _builder_version=&#8221;4.25.2&#8243; _module_preset=&#8221;default&#8221; pac_dcm_carousel_row_items=&#8221;2&#8243; pac_dcm_carousel_specific_module_num=&#8221;0&#8243; global_colors_info=&#8221;{}&#8221;][et_pb_blurb title=&#8221;Fathers and marital separation&#8221; _builder_version=&#8221;4.25.2&#8243; _module_preset=&#8221;default&#8221; header_text_align=&#8221;center&#8221; header_text_color=&#8221;#FFFFFF&#8221; header_line_height=&#8221;1.3em&#8221; body_text_align=&#8221;center&#8221; body_text_color=&#8221;#FFFFFF&#8221; use_background_color_gradient=&#8221;on&#8221; background_color_gradient_stops=&#8221;rgba(58,59,61,0.37) 2%|rgba(58,59,61,0.82) 98%&#8221; background_color_gradient_overlays_image=&#8221;on&#8221; background_image=&#8221;https:\/\/brunetassocies.com\/wp-content\/uploads\/2024\/06\/ScreenShot_20240628140501.jpeg&#8221; background_position=&#8221;center_right&#8221; custom_padding=&#8221;138px|20px|138px|20px|true|true&#8221; link_option_url=&#8221;https:\/\/www.facebook.com\/watch\/live\/?ref=watch_permalink&#038;v=2816549451831435&#8243; link_option_url_new_window=&#8221;on&#8221; global_colors_info=&#8221;{}&#8221;]<\/p>\n<p>Watch Facebook live<\/p>\n<p>[\/et_pb_blurb][\/et_pb_column][\/et_pb_row][\/et_pb_section]<\/p>\n","protected":false},"excerpt":{"rendered":"<p>Fascinated by family law, Marie-Laurence Brunet holds a Bachelor of Laws (2011) and a J.D. in Common Law (2014) from the Universit\u00e9 de Montr\u00e9al. That same year, she founded the firm Brunet Associ\u00e9s whose business mission focuses on access to justice. She also places alternative dispute resolution methods at the heart of her practice, considering [&hellip;]<\/p>\n","protected":false},"author":1,"featured_media":0,"parent":0,"menu_order":0,"comment_status":"closed","ping_status":"closed","template":"","meta":{"_et_pb_use_builder":"on","_et_pb_old_content":"","_et_gb_content_width":"","footnotes":""},"class_list":["post-2458","page","type-page","status-publish","hentry"],"yoast_head":"<!-- This site is optimized with the Yoast SEO plugin v26.9 - https:\/\/yoast.com\/product\/yoast-seo-wordpress\/ -->\n<title>Me Brunet - Brunet et associes<\/title>\n<meta name=\"robots\" content=\"index, follow, max-snippet:-1, max-image-preview:large, max-video-preview:-1\" \/>\n<link rel=\"canonical\" href=\"https:\/\/brunetassocies.com\/en\/me-brunet\/\" \/>\n<meta property=\"og:locale\" content=\"en_US\" \/>\n<meta property=\"og:type\" content=\"article\" \/>\n<meta property=\"og:title\" content=\"Me Brunet - Brunet et associes\" \/>\n<meta property=\"og:description\" content=\"Fascinated by family law, Marie-Laurence Brunet holds a Bachelor of Laws (2011) and a J.D. in Common Law (2014) from the Universit\u00e9 de Montr\u00e9al. That same year, she founded the firm Brunet Associ\u00e9s whose business mission focuses on access to justice. She also places alternative dispute resolution methods at the heart of her practice, considering [&hellip;]\" \/>\n<meta property=\"og:url\" content=\"https:\/\/brunetassocies.com\/en\/me-brunet\/\" \/>\n<meta property=\"og:site_name\" content=\"Brunet et associes\" \/>\n<meta property=\"article:modified_time\" content=\"2025-08-01T19:33:25+00:00\" \/>\n<meta name=\"twitter:card\" content=\"summary_large_image\" \/>\n<meta name=\"twitter:label1\" content=\"Est. reading time\" \/>\n\t<meta name=\"twitter:data1\" content=\"8 minutes\" \/>\n<script type=\"application\/ld+json\" class=\"yoast-schema-graph\">{\"@context\":\"https:\/\/schema.org\",\"@graph\":[{\"@type\":\"WebPage\",\"@id\":\"https:\/\/brunetassocies.com\/en\/me-brunet\/\",\"url\":\"https:\/\/brunetassocies.com\/en\/me-brunet\/\",\"name\":\"Me Brunet - Brunet et associes\",\"isPartOf\":{\"@id\":\"https:\/\/brunetassocies.com\/en\/#website\"},\"datePublished\":\"2024-06-11T16:07:41+00:00\",\"dateModified\":\"2025-08-01T19:33:25+00:00\",\"breadcrumb\":{\"@id\":\"https:\/\/brunetassocies.com\/en\/me-brunet\/#breadcrumb\"},\"inLanguage\":\"en-US\",\"potentialAction\":[{\"@type\":\"ReadAction\",\"target\":[\"https:\/\/brunetassocies.com\/en\/me-brunet\/\"]}]},{\"@type\":\"BreadcrumbList\",\"@id\":\"https:\/\/brunetassocies.com\/en\/me-brunet\/#breadcrumb\",\"itemListElement\":[{\"@type\":\"ListItem\",\"position\":1,\"name\":\"Accueil\",\"item\":\"https:\/\/brunetassocies.com\/en\/\"},{\"@type\":\"ListItem\",\"position\":2,\"name\":\"Me Brunet\"}]},{\"@type\":\"WebSite\",\"@id\":\"https:\/\/brunetassocies.com\/en\/#website\",\"url\":\"https:\/\/brunetassocies.com\/en\/\",\"name\":\"Brunet et associes\",\"description\":\"\",\"potentialAction\":[{\"@type\":\"SearchAction\",\"target\":{\"@type\":\"EntryPoint\",\"urlTemplate\":\"https:\/\/brunetassocies.com\/en\/?s={search_term_string}\"},\"query-input\":{\"@type\":\"PropertyValueSpecification\",\"valueRequired\":true,\"valueName\":\"search_term_string\"}}],\"inLanguage\":\"en-US\"}]}<\/script>\n<!-- \/ Yoast SEO plugin. -->","yoast_head_json":{"title":"Me Brunet - Brunet et associes","robots":{"index":"index","follow":"follow","max-snippet":"max-snippet:-1","max-image-preview":"max-image-preview:large","max-video-preview":"max-video-preview:-1"},"canonical":"https:\/\/brunetassocies.com\/en\/me-brunet\/","og_locale":"en_US","og_type":"article","og_title":"Me Brunet - Brunet et associes","og_description":"Fascinated by family law, Marie-Laurence Brunet holds a Bachelor of Laws (2011) and a J.D. in Common Law (2014) from the Universit\u00e9 de Montr\u00e9al. That same year, she founded the firm Brunet Associ\u00e9s whose business mission focuses on access to justice. She also places alternative dispute resolution methods at the heart of her practice, considering [&hellip;]","og_url":"https:\/\/brunetassocies.com\/en\/me-brunet\/","og_site_name":"Brunet et associes","article_modified_time":"2025-08-01T19:33:25+00:00","twitter_card":"summary_large_image","twitter_misc":{"Est. reading time":"8 minutes"},"schema":{"@context":"https:\/\/schema.org","@graph":[{"@type":"WebPage","@id":"https:\/\/brunetassocies.com\/en\/me-brunet\/","url":"https:\/\/brunetassocies.com\/en\/me-brunet\/","name":"Me Brunet - Brunet et associes","isPartOf":{"@id":"https:\/\/brunetassocies.com\/en\/#website"},"datePublished":"2024-06-11T16:07:41+00:00","dateModified":"2025-08-01T19:33:25+00:00","breadcrumb":{"@id":"https:\/\/brunetassocies.com\/en\/me-brunet\/#breadcrumb"},"inLanguage":"en-US","potentialAction":[{"@type":"ReadAction","target":["https:\/\/brunetassocies.com\/en\/me-brunet\/"]}]},{"@type":"BreadcrumbList","@id":"https:\/\/brunetassocies.com\/en\/me-brunet\/#breadcrumb","itemListElement":[{"@type":"ListItem","position":1,"name":"Accueil","item":"https:\/\/brunetassocies.com\/en\/"},{"@type":"ListItem","position":2,"name":"Me Brunet"}]},{"@type":"WebSite","@id":"https:\/\/brunetassocies.com\/en\/#website","url":"https:\/\/brunetassocies.com\/en\/","name":"Brunet et associes","description":"","potentialAction":[{"@type":"SearchAction","target":{"@type":"EntryPoint","urlTemplate":"https:\/\/brunetassocies.com\/en\/?s={search_term_string}"},"query-input":{"@type":"PropertyValueSpecification","valueRequired":true,"valueName":"search_term_string"}}],"inLanguage":"en-US"}]}},"_links":{"self":[{"href":"https:\/\/brunetassocies.com\/en\/wp-json\/wp\/v2\/pages\/2458","targetHints":{"allow":["GET"]}}],"collection":[{"href":"https:\/\/brunetassocies.com\/en\/wp-json\/wp\/v2\/pages"}],"about":[{"href":"https:\/\/brunetassocies.com\/en\/wp-json\/wp\/v2\/types\/page"}],"author":[{"embeddable":true,"href":"https:\/\/brunetassocies.com\/en\/wp-json\/wp\/v2\/users\/1"}],"replies":[{"embeddable":true,"href":"https:\/\/brunetassocies.com\/en\/wp-json\/wp\/v2\/comments?post=2458"}],"version-history":[{"count":6,"href":"https:\/\/brunetassocies.com\/en\/wp-json\/wp\/v2\/pages\/2458\/revisions"}],"predecessor-version":[{"id":71470,"href":"https:\/\/brunetassocies.com\/en\/wp-json\/wp\/v2\/pages\/2458\/revisions\/71470"}],"wp:attachment":[{"href":"https:\/\/brunetassocies.com\/en\/wp-json\/wp\/v2\/media?parent=2458"}],"curies":[{"name":"wp","href":"https:\/\/api.w.org\/{rel}","templated":true}]}}