{"id":2448,"date":"2025-06-09T15:49:56","date_gmt":"2025-06-09T15:49:56","guid":{"rendered":"https:\/\/brunetassocies.com\/isabelle-beauchemin\/"},"modified":"2025-06-25T16:46:34","modified_gmt":"2025-06-25T16:46:34","slug":"isabelle-beauchemin","status":"publish","type":"page","link":"https:\/\/brunetassocies.com\/en\/isabelle-beauchemin\/","title":{"rendered":"Isabelle Beauchemin"},"content":{"rendered":"<p>[et_pb_section fb_built=&#8221;1&#8243; _builder_version=&#8221;4.25.1&#8243; _module_preset=&#8221;default&#8221; background_color=&#8221;#B3192F&#8221; custom_padding=&#8221;0px||0px||false|false&#8221; locked=&#8221;off&#8221; global_colors_info=&#8221;{}&#8221;][et_pb_row column_structure=&#8221;1_4,1_4,1_4,1_4&#8243; disabled_on=&#8221;on|on|off&#8221; _builder_version=&#8221;4.25.1&#8243; _module_preset=&#8221;default&#8221; width=&#8221;96%&#8221; max_width=&#8221;100%&#8221; custom_padding=&#8221;5px||5px||false|false&#8221; global_colors_info=&#8221;%91%93&#8243;][et_pb_column type=&#8221;1_4&#8243; _builder_version=&#8221;4.25.1&#8243; _module_preset=&#8221;default&#8221; pac_dcm_carousel_specific_module_num=&#8221;0&#8243; global_colors_info=&#8221;{}&#8221;][\/et_pb_column][et_pb_column type=&#8221;1_4&#8243; _builder_version=&#8221;4.25.1&#8243; _module_preset=&#8221;default&#8221; pac_dcm_carousel_specific_module_num=&#8221;0&#8243; global_colors_info=&#8221;{}&#8221;][et_pb_blurb title=&#8221;514-famille&#8221; use_icon=&#8221;on&#8221; font_icon=&#8221;&#xe090;||divi||400&#8243; icon_color=&#8221;#B3192F&#8221; icon_placement=&#8221;left&#8221; image_icon_width=&#8221;30px&#8221; image_icon_width_tablet=&#8221;&#8221; image_icon_width_phone=&#8221;21px&#8221; image_icon_width_last_edited=&#8221;on|phone&#8221; _builder_version=&#8221;4.25.2&#8243; _module_preset=&#8221;default&#8221; header_font=&#8221;Poppins|||on|||||&#8221; header_text_color=&#8221;#FFFFFF&#8221; header_font_size=&#8221;20px&#8221; header_letter_spacing=&#8221;4px&#8221; header_line_height=&#8221;1.3em&#8221; custom_padding=&#8221;10px||||false|false&#8221; header_font_size_tablet=&#8221;20px&#8221; header_font_size_phone=&#8221;10px&#8221; header_font_size_last_edited=&#8221;on|phone&#8221; global_colors_info=&#8221;%91%93&#8243;][\/et_pb_blurb][\/et_pb_column][et_pb_column type=&#8221;1_4&#8243; _builder_version=&#8221;4.25.1&#8243; _module_preset=&#8221;default&#8221; pac_dcm_carousel_specific_module_num=&#8221;0&#8243; global_colors_info=&#8221;{}&#8221;][et_pb_button button_text=&#8221;Online payment&#8221; button_alignment=&#8221;left&#8221; disabled_on=&#8221;on|on|on&#8221; _builder_version=&#8221;4.27.4&#8243; custom_button=&#8221;on&#8221; button_text_size=&#8221;14px&#8221; button_text_color=&#8221;#FFFFFF&#8221; button_border_width=&#8221;2px&#8221; button_border_color=&#8221;#FFFFFF&#8221; button_border_radius=&#8221;0px&#8221; button_letter_spacing=&#8221;4px&#8221; button_font=&#8221;|700||on|||||&#8221; button_icon=&#8221;&#x24;||divi||400&#8243; horizontal_offset=&#8221;156px&#8221; vertical_offset_tablet=&#8221;&#8221; vertical_offset_phone=&#8221;-76px&#8221; vertical_offset_last_edited=&#8221;on|phone&#8221; position_origin_a_tablet=&#8221;&#8221; position_origin_a_phone=&#8221;center_right&#8221; position_origin_a_last_edited=&#8221;on|phone&#8221; position_origin_f_tablet=&#8221;&#8221; position_origin_f_phone=&#8221;&#8221; position_origin_f_last_edited=&#8221;on|phone&#8221; position_origin_r_tablet=&#8221;&#8221; position_origin_r_phone=&#8221;&#8221; position_origin_r_last_edited=&#8221;on|phone&#8221; custom_margin=&#8221;||||false|false&#8221; custom_padding=&#8221;10px||10px|&#8221; animation_style=&#8221;fade&#8221; animation_direction=&#8221;right&#8221; button_text_size_tablet=&#8221;14px&#8221; button_text_size_phone=&#8221;10px&#8221; button_text_size_last_edited=&#8221;on|phone&#8221; positioning_tablet=&#8221;&#8221; positioning_phone=&#8221;none&#8221; positioning_last_edited=&#8221;on|phone&#8221; button_bg_color_hover=&#8221;rgba(0,0,0,0)&#8221; disabled=&#8221;on&#8221; locked=&#8221;off&#8221; global_colors_info=&#8221;%91%93&#8243; button_text_size__hover_enabled=&#8221;off&#8221; button_one_text_size__hover_enabled=&#8221;off&#8221; button_two_text_size__hover_enabled=&#8221;off&#8221; button_text_color__hover_enabled=&#8221;off&#8221; button_one_text_color__hover_enabled=&#8221;off&#8221; button_two_text_color__hover_enabled=&#8221;off&#8221; button_border_width__hover_enabled=&#8221;off&#8221; button_one_border_width__hover_enabled=&#8221;off&#8221; button_two_border_width__hover_enabled=&#8221;off&#8221; button_border_color__hover_enabled=&#8221;off&#8221; button_one_border_color__hover_enabled=&#8221;off&#8221; button_two_border_color__hover_enabled=&#8221;off&#8221; button_border_radius__hover_enabled=&#8221;off&#8221; button_one_border_radius__hover_enabled=&#8221;off&#8221; button_two_border_radius__hover_enabled=&#8221;off&#8221; button_letter_spacing__hover_enabled=&#8221;off&#8221; button_one_letter_spacing__hover_enabled=&#8221;off&#8221; button_two_letter_spacing__hover_enabled=&#8221;off&#8221; button_bg_color__hover_enabled=&#8221;on&#8221; button_bg_color__hover=&#8221;rgba(0,0,0,0)&#8221; button_one_bg_color__hover_enabled=&#8221;off&#8221; button_two_bg_color__hover_enabled=&#8221;off&#8221;][\/et_pb_button][\/et_pb_column][et_pb_column type=&#8221;1_4&#8243; _builder_version=&#8221;4.25.1&#8243; _module_preset=&#8221;default&#8221; pac_dcm_carousel_specific_module_num=&#8221;0&#8243; global_colors_info=&#8221;{}&#8221;][\/et_pb_column][\/et_pb_row][et_pb_row disabled_on=&#8221;off|off|on&#8221; _builder_version=&#8221;4.25.1&#8243; _module_preset=&#8221;default&#8221; width=&#8221;40%&#8221; max_width=&#8221;100%&#8221; module_alignment=&#8221;center&#8221; custom_margin=&#8221;||||false|false&#8221; custom_padding=&#8221;0px||0px||false|false&#8221; global_colors_info=&#8221;%91%93&#8243;][et_pb_column type=&#8221;4_4&#8243; _builder_version=&#8221;4.25.1&#8243; _module_preset=&#8221;default&#8221; pac_dcm_carousel_specific_module_num=&#8221;0&#8243; global_colors_info=&#8221;{}&#8221;][et_pb_blurb title=&#8221;514-famille&#8221; icon_placement=&#8221;left&#8221; image_icon_width=&#8221;30px&#8221; image_icon_width_tablet=&#8221;&#8221; image_icon_width_phone=&#8221;21px&#8221; image_icon_width_last_edited=&#8221;on|phone&#8221; _builder_version=&#8221;4.25.1&#8243; _module_preset=&#8221;default&#8221; header_font=&#8221;|||on|||||&#8221; header_text_color=&#8221;#FFFFFF&#8221; header_font_size=&#8221;20px&#8221; header_letter_spacing=&#8221;4px&#8221; header_line_height=&#8221;1.3em&#8221; body_link_font=&#8221;|||on|on||||&#8221; body_link_text_color=&#8221;#FFFFFF&#8221; custom_padding=&#8221;10px||10px||false|false&#8221; custom_padding_tablet=&#8221;|||65px|false|false&#8221; custom_padding_phone=&#8221;|||0px|false|false&#8221; custom_padding_last_edited=&#8221;on|tablet&#8221; header_text_align_tablet=&#8221;&#8221; header_text_align_phone=&#8221;left&#8221; header_text_align_last_edited=&#8221;on|phone&#8221; header_font_size_tablet=&#8221;20px&#8221; header_font_size_phone=&#8221;14px&#8221; header_font_size_last_edited=&#8221;on|phone&#8221; locked=&#8221;off&#8221; global_colors_info=&#8221;%91%93&#8243;]<\/p>\n<p><a href=\"#\"><a href=\"#\">online payment<\/a><\/a><\/p>\n<p>[\/et_pb_blurb][\/et_pb_column][\/et_pb_row][\/et_pb_section][et_pb_section fb_built=&#8221;1&#8243; custom_padding_last_edited=&#8221;on|phone&#8221; _builder_version=&#8221;4.25.1&#8243; _module_preset=&#8221;default&#8221; background_color=&#8221;#FFFFFF&#8221; custom_padding=&#8221;0px||0px||false|false&#8221; custom_padding_tablet=&#8221;0px||0px||false|false&#8221; custom_padding_phone=&#8221;5px||5px||false|false&#8221; locked=&#8221;off&#8221; global_colors_info=&#8221;{}&#8221;][et_pb_row _builder_version=&#8221;4.25.1&#8243; _module_preset=&#8221;default&#8221; width=&#8221;90%&#8221; max_width=&#8221;100%&#8221; custom_padding=&#8221;10px||8px||false|false&#8221; global_colors_info=&#8221;%91%93&#8243;][et_pb_column type=&#8221;4_4&#8243; _builder_version=&#8221;4.19.5&#8243; _module_preset=&#8221;default&#8221; pac_dcm_carousel_specific_module_num=&#8221;0&#8243; global_colors_info=&#8221;{}&#8221;][et_pb_menu menu_id=&#8221;4&#8243; dropdown_menu_line_color=&#8221;#b3192f&#8221; logo=&#8221;https:\/\/brunetassocies.com\/wp-content\/uploads\/2024\/08\/Brunet-logo-notaire-1-small.png&#8221; logo_url=&#8221;@ET-DC@eyJkeW5hbWljIjp0cnVlLCJjb250ZW50IjoiaG9tZV91cmwiLCJzZXR0aW5ncyI6eyJlbmFibGVfaHRtbCI6Im9mZiJ9fQ==@&#8221; logo_max_width=&#8221;35%&#8221; menu_icon_color=&#8221;#D0112B&#8221; active_link_color_tablet=&#8221;&#8221; active_link_color_phone=&#8221;#B3192F&#8221; active_link_color_last_edited=&#8221;on|phone&#8221; logo_max_width_tablet=&#8221;49%&#8221; logo_max_width_phone=&#8221;66%&#8221; logo_max_width_last_edited=&#8221;on|phone&#8221; menu_icon_font_size_tablet=&#8221;&#8221; menu_icon_font_size_phone=&#8221;33px&#8221; menu_icon_font_size_last_edited=&#8221;on|phone&#8221; _builder_version=&#8221;4.27.4&#8243; _dynamic_attributes=&#8221;logo_url&#8221; _module_preset=&#8221;default&#8221; menu_font=&#8221;Poppins||||||||&#8221; menu_text_color=&#8221;#000000&#8243; menu_font_size=&#8221;1.1vw&#8221; text_orientation=&#8221;right&#8221; width_tablet=&#8221;100%&#8221; width_phone=&#8221;100%&#8221; width_last_edited=&#8221;on|tablet&#8221; custom_margin=&#8221;||||false|false&#8221; custom_margin_tablet=&#8221;15px||||false|false&#8221; custom_margin_phone=&#8221;0px||||false|false&#8221; custom_margin_last_edited=&#8221;on|phone&#8221; menu_font_size_tablet=&#8221;1.1vw&#8221; menu_font_size_phone=&#8221;18px&#8221; menu_font_size_last_edited=&#8221;on|phone&#8221; global_colors_info=&#8221;{}&#8221;][\/et_pb_menu][\/et_pb_column][\/et_pb_row][\/et_pb_section][et_pb_section fb_built=&#8221;1&#8243; _builder_version=&#8221;4.24.2&#8243; _module_preset=&#8221;default&#8221; custom_margin=&#8221;||||false|false&#8221; custom_padding=&#8221;0px||||false|false&#8221; global_colors_info=&#8221;{}&#8221;][et_pb_row column_structure=&#8221;1_2,1_2&#8243; use_custom_gutter=&#8221;on&#8221; gutter_width=&#8221;1&#8243; make_equal=&#8221;on&#8221; custom_padding_last_edited=&#8221;on|tablet&#8221; _builder_version=&#8221;4.25.1&#8243; _module_preset=&#8221;default&#8221; width=&#8221;100%&#8221; width_tablet=&#8221;100%&#8221; width_phone=&#8221;100%&#8221; width_last_edited=&#8221;on|phone&#8221; max_width=&#8221;100%&#8221; custom_margin=&#8221;||||true&#8221; custom_padding=&#8221;100px|100px|100px|100px|true|true&#8221; custom_padding_tablet=&#8221;80px|80px|80px|80px|true|true&#8221; custom_padding_phone=&#8221;80px|10px|80px|10px|true|true&#8221; global_colors_info=&#8221;{}&#8221;][et_pb_column type=&#8221;1_2&#8243; _builder_version=&#8221;4.25.1&#8243; _module_preset=&#8221;default&#8221; background_color=&#8221;#B3192F&#8221; pac_dcm_carousel_specific_module_num=&#8221;0&#8243; global_colors_info=&#8221;{}&#8221;][et_pb_image src=&#8221;https:\/\/brunetassocies.com\/wp-content\/uploads\/2024\/05\/Isabelle-Beauchemin.webp&#8221; title_text=&#8221;Isabelle-Beauchemin&#8221; src_tablet=&#8221;https:\/\/brunetassocies.com\/wp-content\/uploads\/2024\/05\/Isabelle-Beauchemin.webp&#8221; src_phone=&#8221;https:\/\/brunetassocies.com\/wp-content\/uploads\/2024\/05\/Isabelle-Beauchemin.webp&#8221; src_last_edited=&#8221;on|tablet&#8221; _builder_version=&#8221;4.25.2&#8243; _module_preset=&#8221;default&#8221; custom_padding=&#8221;||||false|false&#8221; border_color_bottom=&#8221;#B3192F&#8221; border_width_bottom_tablet=&#8221;0px&#8221; border_width_bottom_phone=&#8221;0px&#8221; border_width_bottom_last_edited=&#8221;on|phone&#8221; box_shadow_style=&#8221;preset1&#8243; box_shadow_horizontal=&#8221;-4px&#8221; box_shadow_vertical=&#8221;-9px&#8221; global_colors_info=&#8221;{}&#8221;][\/et_pb_image][\/et_pb_column][et_pb_column type=&#8221;1_2&#8243; _builder_version=&#8221;4.25.0&#8243; _module_preset=&#8221;default&#8221; background_color=&#8221;#FFFFFF&#8221; pac_dcm_carousel_specific_module_num=&#8221;0&#8243; global_colors_info=&#8221;{}&#8221;][et_pb_team_member name=&#8221;Isabelle Beauchemin&#8221; position=&#8221;Paralegal&#8221; _builder_version=&#8221;4.25.2&#8243; _module_preset=&#8221;default&#8221; header_font=&#8221;Prata|700|||||||&#8221; header_text_align=&#8221;center&#8221; header_text_color=&#8221;#FFFFFF&#8221; header_font_size=&#8221;2.3vw&#8221; header_letter_spacing=&#8221;2px&#8221; position_text_align=&#8221;center&#8221; position_text_color=&#8221;#FFFFFF&#8221; position_font_size=&#8221;18px&#8221; background_color=&#8221;#B3192F&#8221; custom_margin=&#8221;||||false|false&#8221; custom_margin_tablet=&#8221;|||0px|false|false&#8221; custom_margin_phone=&#8221;|||0vw|false|false&#8221; custom_margin_last_edited=&#8221;on|tablet&#8221; custom_padding=&#8221;30px||30px||true|false&#8221; custom_padding_tablet=&#8221;30px||30px||true|false&#8221; custom_padding_phone=&#8221;20px||30px||false|false&#8221; custom_padding_last_edited=&#8221;on|phone&#8221; header_font_size_tablet=&#8221;3.4vw&#8221; header_font_size_phone=&#8221;24px&#8221; header_font_size_last_edited=&#8221;on|desktop&#8221; border_radii=&#8221;off||||&#8221; border_color_top=&#8221;#3A3B3D&#8221; border_color_left=&#8221;#A9AAA2&#8243; border_width_top_tablet=&#8221;&#8221; border_width_top_phone=&#8221;4px&#8221; border_width_top_last_edited=&#8221;on|phone&#8221; border_width_left_tablet=&#8221;1vw&#8221; border_width_left_phone=&#8221;0vw&#8221; border_width_left_last_edited=&#8221;on|phone&#8221; box_shadow_style=&#8221;preset1&#8243; box_shadow_blur=&#8221;80px&#8221; box_shadow_color=&#8221;rgba(0,0,0,0.41)&#8221; global_colors_info=&#8221;{}&#8221;][\/et_pb_team_member][et_pb_accordion open_toggle_text_color=&#8221;#000000&#8243; _builder_version=&#8221;4.27.4&#8243; _module_preset=&#8221;default&#8221; toggle_text_color=&#8221;#000000&#8243; toggle_font=&#8221;Prata||||||||&#8221; body_font_size=&#8221;16px&#8221; custom_padding=&#8221;||20px||false|false&#8221; hover_enabled=&#8221;0&#8243; global_colors_info=&#8221;{}&#8221; sticky_enabled=&#8221;0&#8243;][et_pb_accordion_item title=&#8221;Biography&#8221; open=&#8221;on&#8221; open_toggle_text_color=&#8221;#FFFFFF&#8221; closed_toggle_text_color=&#8221;#000000&#8243; _builder_version=&#8221;4.25.1&#8243; _module_preset=&#8221;default&#8221; global_colors_info=&#8221;{}&#8221;]<\/p>\n<p>Isabelle Beauchemin is an experienced and meticulous paralegal technician. Her strong analytical skills and efficient work methods enable her to quickly follow up on all the files entrusted to her. She is an unparalleled collaborator who offers top-notch service to all of our clients and to the many legal authorities with whom we do business. Since she joined our firm in September 2020, Isabelle has used her problem-solving skills to help us settle a number of files quickly and expeditiously. Whether in family law, civil law, or notarial law, she is of invaluable assistance in the resolution of legal disputes. Isabelle has a strong social commitment and is also passionate about martial arts and outdoor sports.     <\/p>\n<p>[\/et_pb_accordion_item][et_pb_accordion_item title=&#8221;Highlights&#8221; open_toggle_text_color=&#8221;#000000&#8243; _builder_version=&#8221;4.25.1&#8243; _module_preset=&#8221;default&#8221; global_colors_info=&#8221;{}&#8221; toggle_text_color=&#8221;#000000&#8243; toggle_font=&#8221;Prata||||||||&#8221; open=&#8221;off&#8221;]<\/p>\n<p>2004 \u2013 Bachelor\u2019s degree in Geography with a minor in Physical Geography<br \/>From Universit\u00e9 du Qu\u00e9bec \u00e0 Montr\u00e9al.<\/p>\n<p>&nbsp;<\/p>\n<p>[\/et_pb_accordion_item][et_pb_accordion_item title=&#8221;Involvement&#8221; open_toggle_text_color=&#8221;#000000&#8243; _builder_version=&#8221;4.25.1&#8243; _module_preset=&#8221;default&#8221; global_colors_info=&#8221;{}&#8221; toggle_text_color=&#8221;#000000&#8243; toggle_font=&#8221;Prata||||||||&#8221; open=&#8221;off&#8221;]<\/p>\n<p>Volunteer at the \u00c9cole Alpha library \u2013 Commission scolaire de la Seigneurie-des-Mille-\u00celes (school board) (2019 to present)<\/p>\n<p>Volunteer at the Centre de Ressources pour les familles des militaires (military family resource centre) (2016-2019)<\/p>\n<p>Member and Treasurer of the Board of Directors of the Groupe d\u2019entraide maternelle (maternal self-help group) (2009-2013)<\/p>\n<p>[\/et_pb_accordion_item][et_pb_accordion_item title=&#8221;Contact information&#8221; _builder_version=&#8221;4.27.4&#8243; _module_preset=&#8221;default&#8221; body_link_text_color=&#8221;#B3192F&#8221; hover_enabled=&#8221;0&#8243; global_colors_info=&#8221;{}&#8221; open=&#8221;off&#8221; sticky_enabled=&#8221;0&#8243;]<\/p>\n<p><span>(514) 326-4553, ext. 113<\/span><br \/><span>(514) 326-4554<br \/><\/span><a href=\"mailto:vcyr@brunetassocies.com\">ibeauchemin@brunetassocies.com<\/a><\/p>\n<p>[\/et_pb_accordion_item][\/et_pb_accordion][\/et_pb_column][\/et_pb_row][et_pb_row admin_label=&#8221;Title&#8221; _builder_version=&#8221;4.25.1&#8243; locked=&#8221;off&#8221; global_colors_info=&#8221;{}&#8221;][et_pb_column type=&#8221;4_4&#8243; _builder_version=&#8221;4.25.1&#8243; z_index=&#8221;467&#8243; custom_padding=&#8221;|||&#8221; pac_dcm_carousel_specific_module_num=&#8221;0&#8243; global_colors_info=&#8221;{}&#8221; custom_padding__hover=&#8221;|||&#8221;][et_pb_text disabled_on=&#8221;on|on|on&#8221; admin_label=&#8221;Bouton rendez-vous&#8221; _builder_version=&#8221;4.27.4&#8243; _module_preset=&#8221;default&#8221; text_font=&#8221;|||on|||||&#8221; text_text_color=&#8221;#FFFFFF&#8221; text_letter_spacing=&#8221;4px&#8221; text_line_height=&#8221;1.3em&#8221; background_color=&#8221;#b3192f&#8221; transform_rotate=&#8221;0deg|0deg|270deg&#8221; positioning=&#8221;fixed&#8221; position_origin_f=&#8221;top_right&#8221; horizontal_offset=&#8221;-76px&#8221; z_index=&#8221;200&#8243; horizontal_offset_tablet=&#8221;-76px&#8221; horizontal_offset_phone=&#8221;-80px&#8221; horizontal_offset_last_edited=&#8221;on|desktop&#8221; text_orientation=&#8221;center&#8221; custom_margin=&#8221;280px|60px|||false|false&#8221; custom_margin_tablet=&#8221;220px|60px|||false|false&#8221; custom_margin_phone=&#8221;280px|45px|||false|false&#8221; custom_margin_last_edited=&#8221;on|phone&#8221; custom_padding=&#8221;10px|10px|10px|10px|true|false&#8221; text_font_size_tablet=&#8221;&#8221; text_font_size_phone=&#8221;12px&#8221; text_font_size_last_edited=&#8221;on|phone&#8221; z_index_tablet=&#8221;200&#8243; z_index_phone=&#8221;200&#8243; z_index_last_edited=&#8221;on|phone&#8221; box_shadow_style=&#8221;preset1&#8243; box_shadow_color=&#8221;#000000&#8243; disabled=&#8221;on&#8221; locked=&#8221;off&#8221; global_colors_info=&#8221;{}&#8221;]<\/p>\n<p>BOOK<br \/>APPOINTMENT<\/p>\n<p>[\/et_pb_text][\/et_pb_column][\/et_pb_row][\/et_pb_section]<\/p>\n","protected":false},"excerpt":{"rendered":"<p>online paymentIsabelle Beauchemin is an experienced and meticulous paralegal technician. Her strong analytical skills and efficient work methods enable her to quickly follow up on all the files entrusted to her. She is an unparalleled collaborator who offers top-notch service to all of our clients and to the many legal authorities with whom we do [&hellip;]<\/p>\n","protected":false},"author":1,"featured_media":0,"parent":0,"menu_order":0,"comment_status":"closed","ping_status":"closed","template":"page-template-blank.php","meta":{"_et_pb_use_builder":"on","_et_pb_old_content":"","_et_gb_content_width":"","footnotes":""},"class_list":["post-2448","page","type-page","status-publish","hentry"],"yoast_head":"<!-- This site is optimized with the Yoast SEO plugin v26.9 - https:\/\/yoast.com\/product\/yoast-seo-wordpress\/ -->\n<title>Isabelle Beauchemin - Brunet et associes<\/title>\n<meta name=\"robots\" content=\"index, follow, max-snippet:-1, max-image-preview:large, max-video-preview:-1\" \/>\n<link rel=\"canonical\" href=\"https:\/\/brunetassocies.com\/isabelle-beauchemin\/\" \/>\n<meta property=\"og:locale\" content=\"en_US\" \/>\n<meta property=\"og:type\" content=\"article\" \/>\n<meta property=\"og:title\" content=\"Isabelle Beauchemin - Brunet et associes\" \/>\n<meta property=\"og:description\" content=\"online paymentIsabelle Beauchemin is an experienced and meticulous paralegal technician. Her strong analytical skills and efficient work methods enable her to quickly follow up on all the files entrusted to her. She is an unparalleled collaborator who offers top-notch service to all of our clients and to the many legal authorities with whom we do [&hellip;]\" \/>\n<meta property=\"og:url\" content=\"https:\/\/brunetassocies.com\/isabelle-beauchemin\/\" \/>\n<meta property=\"og:site_name\" content=\"Brunet et associes\" \/>\n<meta property=\"article:modified_time\" content=\"2025-06-25T16:46:34+00:00\" \/>\n<meta name=\"twitter:card\" content=\"summary_large_image\" \/>\n<meta name=\"twitter:label1\" content=\"Est. reading time\" \/>\n\t<meta name=\"twitter:data1\" content=\"10 minutes\" \/>\n<script type=\"application\/ld+json\" class=\"yoast-schema-graph\">{\"@context\":\"https:\/\/schema.org\",\"@graph\":[{\"@type\":\"WebPage\",\"@id\":\"https:\/\/brunetassocies.com\/isabelle-beauchemin\/\",\"url\":\"https:\/\/brunetassocies.com\/isabelle-beauchemin\/\",\"name\":\"Isabelle Beauchemin - Brunet et associes\",\"isPartOf\":{\"@id\":\"https:\/\/brunetassocies.com\/en\/#website\"},\"datePublished\":\"2025-06-09T15:49:56+00:00\",\"dateModified\":\"2025-06-25T16:46:34+00:00\",\"breadcrumb\":{\"@id\":\"https:\/\/brunetassocies.com\/isabelle-beauchemin\/#breadcrumb\"},\"inLanguage\":\"en-US\",\"potentialAction\":[{\"@type\":\"ReadAction\",\"target\":[\"https:\/\/brunetassocies.com\/isabelle-beauchemin\/\"]}]},{\"@type\":\"BreadcrumbList\",\"@id\":\"https:\/\/brunetassocies.com\/isabelle-beauchemin\/#breadcrumb\",\"itemListElement\":[{\"@type\":\"ListItem\",\"position\":1,\"name\":\"Accueil\",\"item\":\"https:\/\/brunetassocies.com\/en\/\"},{\"@type\":\"ListItem\",\"position\":2,\"name\":\"Isabelle Beauchemin\"}]},{\"@type\":\"WebSite\",\"@id\":\"https:\/\/brunetassocies.com\/en\/#website\",\"url\":\"https:\/\/brunetassocies.com\/en\/\",\"name\":\"Brunet et associes\",\"description\":\"\",\"potentialAction\":[{\"@type\":\"SearchAction\",\"target\":{\"@type\":\"EntryPoint\",\"urlTemplate\":\"https:\/\/brunetassocies.com\/en\/?s={search_term_string}\"},\"query-input\":{\"@type\":\"PropertyValueSpecification\",\"valueRequired\":true,\"valueName\":\"search_term_string\"}}],\"inLanguage\":\"en-US\"}]}<\/script>\n<!-- \/ Yoast SEO plugin. -->","yoast_head_json":{"title":"Isabelle Beauchemin - Brunet et associes","robots":{"index":"index","follow":"follow","max-snippet":"max-snippet:-1","max-image-preview":"max-image-preview:large","max-video-preview":"max-video-preview:-1"},"canonical":"https:\/\/brunetassocies.com\/isabelle-beauchemin\/","og_locale":"en_US","og_type":"article","og_title":"Isabelle Beauchemin - Brunet et associes","og_description":"online paymentIsabelle Beauchemin is an experienced and meticulous paralegal technician. Her strong analytical skills and efficient work methods enable her to quickly follow up on all the files entrusted to her. She is an unparalleled collaborator who offers top-notch service to all of our clients and to the many legal authorities with whom we do [&hellip;]","og_url":"https:\/\/brunetassocies.com\/isabelle-beauchemin\/","og_site_name":"Brunet et associes","article_modified_time":"2025-06-25T16:46:34+00:00","twitter_card":"summary_large_image","twitter_misc":{"Est. reading time":"10 minutes"},"schema":{"@context":"https:\/\/schema.org","@graph":[{"@type":"WebPage","@id":"https:\/\/brunetassocies.com\/isabelle-beauchemin\/","url":"https:\/\/brunetassocies.com\/isabelle-beauchemin\/","name":"Isabelle Beauchemin - Brunet et associes","isPartOf":{"@id":"https:\/\/brunetassocies.com\/en\/#website"},"datePublished":"2025-06-09T15:49:56+00:00","dateModified":"2025-06-25T16:46:34+00:00","breadcrumb":{"@id":"https:\/\/brunetassocies.com\/isabelle-beauchemin\/#breadcrumb"},"inLanguage":"en-US","potentialAction":[{"@type":"ReadAction","target":["https:\/\/brunetassocies.com\/isabelle-beauchemin\/"]}]},{"@type":"BreadcrumbList","@id":"https:\/\/brunetassocies.com\/isabelle-beauchemin\/#breadcrumb","itemListElement":[{"@type":"ListItem","position":1,"name":"Accueil","item":"https:\/\/brunetassocies.com\/en\/"},{"@type":"ListItem","position":2,"name":"Isabelle Beauchemin"}]},{"@type":"WebSite","@id":"https:\/\/brunetassocies.com\/en\/#website","url":"https:\/\/brunetassocies.com\/en\/","name":"Brunet et associes","description":"","potentialAction":[{"@type":"SearchAction","target":{"@type":"EntryPoint","urlTemplate":"https:\/\/brunetassocies.com\/en\/?s={search_term_string}"},"query-input":{"@type":"PropertyValueSpecification","valueRequired":true,"valueName":"search_term_string"}}],"inLanguage":"en-US"}]}},"_links":{"self":[{"href":"https:\/\/brunetassocies.com\/en\/wp-json\/wp\/v2\/pages\/2448","targetHints":{"allow":["GET"]}}],"collection":[{"href":"https:\/\/brunetassocies.com\/en\/wp-json\/wp\/v2\/pages"}],"about":[{"href":"https:\/\/brunetassocies.com\/en\/wp-json\/wp\/v2\/types\/page"}],"author":[{"embeddable":true,"href":"https:\/\/brunetassocies.com\/en\/wp-json\/wp\/v2\/users\/1"}],"replies":[{"embeddable":true,"href":"https:\/\/brunetassocies.com\/en\/wp-json\/wp\/v2\/comments?post=2448"}],"version-history":[{"count":6,"href":"https:\/\/brunetassocies.com\/en\/wp-json\/wp\/v2\/pages\/2448\/revisions"}],"predecessor-version":[{"id":71280,"href":"https:\/\/brunetassocies.com\/en\/wp-json\/wp\/v2\/pages\/2448\/revisions\/71280"}],"wp:attachment":[{"href":"https:\/\/brunetassocies.com\/en\/wp-json\/wp\/v2\/media?parent=2448"}],"curies":[{"name":"wp","href":"https:\/\/api.w.org\/{rel}","templated":true}]}}